{"id":8,"date":"2010-03-26T00:36:49","date_gmt":"2010-03-25T23:36:49","guid":{"rendered":"http:\/\/www.rutiba.de\/?page_id=8"},"modified":"2024-03-26T02:13:15","modified_gmt":"2024-03-26T01:13:15","slug":"geschichte","status":"publish","type":"page","link":"https:\/\/www.rutiba.de\/?page_id=8","title":{"rendered":"Geschichte SII"},"content":{"rendered":"\n<h2 class=\"wp-block-heading\">Zentralabitur<\/h2>\n\n\n\n<p>Diese Seite enth\u00e4lt Informationen zum Zentralabitur Geschichte in&nbsp; NRW.<\/p>\n\n\n\n<p>Nach den offiziellen Informationen und dem Link zur Seite des Ministeriums&nbsp; folgen im unteren Teil \u00dcberlegungen zum Umgang mit der Materialf\u00fclle.<\/p>\n\n\n\n<p>Der&nbsp; Abschnitt &#8222;Dokumente&#8220; enth\u00e4lt auch eigene Materialien zur Bearbeitung und zum Lernen. Dieser Abschnitt wird kontinuierlich erg\u00e4nzt.<\/p>\n\n\n\n<p>Den &#8222;Routenplaner&#8220; f\u00fcr das Zentralabitur Geschichte in NRW findet man auf der Seite des Schulministeriums:<\/p>\n\n\n\n<p><a href=\"https:\/\/www.standardsicherung.schulministerium.nrw.de\/cms\/zentralabitur-gost\/faecher\/fach.php?fach=12\">Vorgaben und Beispielaufgaben f\u00fcr das Zentralabitur Geschichte<\/a><\/p>\n\n\n\n<p>Der Einfachheit halber werde ich die Kurzversion der Vorgaben hier noch einmal einstellen. Der Besuch der angegebenen Seite lohnt sich aber dennoch, da man dort sowohl eine \u00dcbersicht der in den Abituraufgaben verwendeten Operatoren als auch Aufgabenbeispiele findet. Es ist empfehlenswert, diese Aufgabenbeispiele durchzuarbeiten und seine Kenntnisse anhand des mitgelieferten Erwartungshorizonts zu \u00fcberpr\u00fcfen.<\/p>\n\n\n\n<h3 class=\"wp-block-heading\">Inhaltliche Schwerpunkte f\u00fcr das Zentralabitur Geschichte 2024 (LK)<\/h3>\n\n\n\n<p><strong>Friedensschl\u00fcsse<\/strong><\/p>\n\n\n\n<p>IF7 Friedensschl\u00fcsse und Ordnungen<br>des Friedens in der Moderne:  Multilateraler Interessenausgleich<br>nach dem Drei\u00dfigj\u00e4hrigen Krieg<\/p>\n\n\n\n<h4 class=\"wp-block-heading\">Das \u201elange\u201c 19. Jahrhundert<\/h4>\n\n\n\n<h5 class=\"wp-block-heading\">Nationalstaatsgedanke und Nationalismus in Europa<\/h5>\n\n\n\n<ul>\n<li>IF6: Nationalismus, Nationalstaat und deutsche Identit\u00e4t im 19. und 20. Jahrhundert<\/li>\n\n\n\n<li>Idee und Problematik des Nationsbegriffs<\/li>\n\n\n\n<li>Bedeutung der Napoleonischen Kriege f\u00fcr den Nationalstaatsgedanken am Beispiel Deutschlands<\/li>\n\n\n\n<li>IF7 Friedensschl\u00fcsse und Ordnungen<br>des Friedens in der Moderne: Europ\u00e4ische Friedensordnung nach den Napoleonischen Kriegen<\/li>\n\n\n\n<li>&#8222;Einheit und Freiheit&#8220; in der deutschen Revolution 1848\/49<\/li>\n\n\n\n<li>&#8222;Volk\u201c und &#8222;Nation\u201c im Kaiserreich<\/li>\n\n\n\n<li>Reichsgr\u00fcndung von oben: Innen- und au\u00dfenpolitische Grundlagen des Deutschen Kaiserreichs<\/li>\n<\/ul>\n\n\n\n<h4 class=\"wp-block-heading\">Zweite Industrielle Revolution und imperialistische Expansion (1880\u20131914)<\/h4>\n\n\n\n<ul>\n<li>IF4 Die moderne Industriegesellschaft zwischen Fortschritt und Krise: Die \u201eZweite Industrielle Revolution\u201c und die Entstehung der modernen Massengesellschaft<\/li>\n\n\n\n<li><strong>Ver\u00e4nderung der Lebenswirklichkeit f\u00fcr die Industriearbeiterschaft in den Bereichen Arbeit und soziale Sicherheit<\/strong><\/li>\n\n\n\n<li>Imperialistische Expansion (Deutschland, GB, F, USA)<\/li>\n\n\n\n<li><strong>Merkmale, Motive, Ziele, Funktionen und Formen des Imperialismus am Beispiel Afrikas<\/strong><\/li>\n\n\n\n<li>Vom Hochimperialismus zum ersten \u201emodernen\u201c Krieg der Industriegesellschaft<\/li>\n<\/ul>\n\n\n\n<h4 class=\"wp-block-heading\">Das \u201ekurze\u201c 20. Jahrhundert<\/h4>\n\n\n\n<h5 class=\"wp-block-heading\">Der Erste Weltkrieg<\/h5>\n\n\n\n<ul>\n<li>Kriegsursachen und Kriegsausbruch<\/li>\n\n\n\n<li>Der Erste Weltkrieg als \u201emoderner\u201c Krieg<\/li>\n\n\n\n<li>Epochenjahr 1917<\/li>\n\n\n\n<li>Kriegsende und politischer Umbruch in Deutschland<\/li>\n\n\n\n<li>IF7: Friedensschl\u00fcsse und Ordnungen<br>des Friedens in der Moderne: Internationale Friedensordnung nach. dem Ersten Weltkrieg<\/li>\n\n\n\n<li>Ursachen und Folgen der Weltwirtschaftskrise 1929<\/li>\n<\/ul>\n\n\n\n<h5 class=\"wp-block-heading\">Die nationalsozialistische Diktatur<\/h5>\n\n\n\n<ul>\n<li>IF 5: Die Zeit des Nationalsozialismus \u2013 Voraussetzungen, Herrschaftsstrukturen, Nachwirkungen und Deutungen: Die Herrschaft des Nationalsozialismus in Deutschland und Europa<\/li>\n\n\n\n<li>Politische und ideologische Voraussetzungen des Nationalsozialismus:\u00a0\u00a0 mittel und l\u00e4ngerfristige politische Ursachen, Krisensituation 1930 \u2013 1933, NS-Ideologie<\/li>\n\n\n\n<li>IF6: Nationalismus, Nationalstaat und deutsche Identit\u00e4t im 19. und 20. Jahrhundert: Volk und Nation im Nationalsozialismus (&#8222;3. Reich&#8220;, &#8222;Volksgemeinschaft&#8220;, Rassismus\/Sozialdarwinismus, Ausgrenzung Anderer, Weltkrieg, &#8222;Lebensraum im Osten&#8220; )<\/li>\n\n\n\n<li>Ende des Rechts- und Verfassungsstaates in Deutschland 1933\/34<\/li>\n\n\n\n<li><strong>Wirtschaftspolitik<\/strong><\/li>\n\n\n\n<li>NS-Au\u00dfenpolitik bis 1939 (nur LK)<\/li>\n\n\n\n<li>Zweiter Weltkrieg und V\u00f6lkermord an den europ\u00e4ischen Juden<\/li>\n\n\n\n<li><strong>Motive und Formen der Unterst\u00fctzung, der Anpassung und des Widerstandes am Beispiel der Verschw\u00f6rer des 20. Juli und an einem Beispiel der Jugendopposition<\/strong><\/li>\n<\/ul>\n\n\n\n<h5 class=\"wp-block-heading\">Deutschland und Europa nach dem Zweiten Weltkrieg<\/h5>\n\n\n\n<ul>\n<li>Teilung Europas und Deutschlands nach 1945 (bipolare Welt)<\/li>\n\n\n\n<li>Deutschland unter den Besatzungsm\u00e4chten (+ Kalter Krieg)<\/li>\n\n\n\n<li>Vergangenheitspolitik und \u201eVergangenheitsbew\u00e4ltigung\u201c: <strong>Umgang mit dem Nationalsozialismus in den Besatzungszonen<\/strong><\/li>\n\n\n\n<li>IF6: Nationalismus, Nationalstaat und deutsche Identit\u00e4t im 19. und 20. Jahrhundert: Nationale Identit\u00e4t unter den Bedingungen der Zweistaatlichkeit in Deutschland<\/li>\n\n\n\n<li>Das Grundgesetz und die Gr\u00fcndung der Bundesrepublik Deutschland (sinnvoll: Vergleich mit Weimarer Verfassung)<\/li>\n\n\n\n<li>Entstehung und gesellschaftspolitische Entwicklung der DDR <\/li>\n\n\n\n<li><strong>Stalinnote <\/strong>(M\u00f6gliche nationale Einheit als neutraler Staat?)<\/li>\n\n\n\n<li><strong>Neue Ostpolitik<\/strong> (&#8222;Wandel durch Ann\u00e4herung&#8220;) <\/li>\n<\/ul>\n\n\n\n<h5 class=\"wp-block-heading\"> Epochenjahr 1989<\/h5>\n\n\n\n<ul>\n<li>Der Untergang der Sowjetunion und die Revolutionen in Osteuropa (Gorbatschow, Glasnost und Perestroika)<\/li>\n\n\n\n<li>Die \u00dcberwindung der deutschen Teilung in der friedlichen Revolution von 1989<\/li>\n\n\n\n<li>IF7: Friedensschl\u00fcsse und Ordnungen<br>des Friedens in der Moderne: Zwei-Plus-Vier-Vertrag<\/li>\n<\/ul>\n\n\n\n<h4 class=\"wp-block-heading\">Vor dem Start\u2026<\/h4>\n\n\n\n<p>Bevor man sich jetzt kopf\u00fcber in die Geschichte st\u00fcrzt, sollte man sich ein paar Gedanken machen:<\/p>\n\n\n\n<p>Nat\u00fcrlich ist die hier getroffene Themenauswahl nicht zuf\u00e4llig und folgt weitgehend der Chronologie der letzten zwei Jahrhunderte. Dennoch kann&nbsp; man die Schwerpunktsetzung durchaus kritisch betrachten: Zu nennen w\u00e4re z.B. die vergleichsweise&nbsp; geringe Bedeutung, die hier dem ersten demokratischen Staat auf deutschem Boden,&nbsp; der Republik von Weimar, beigemessen wird. Dennoch wird durch die Konzentration auf die letzten zweihundert Jahre und insbesondere durch die Betonung des &#8222;kurzen&#8220; 20. Jahrhunderts&nbsp; deutlich, dass es hier in erster Linie darum geht, die Entstehung des heutigen Deutschlands zu erkl\u00e4ren und zu verstehen.<\/p>\n\n\n\n<p>Wir m\u00fcssen uns unseres heutigen Standpunktes bewusst sein, wenn wir auf die Geschichte&nbsp; dieses Landes zur\u00fcck blicken. Wir sind gepr\u00e4gt durch die Ereignisse des 19. und 20.&nbsp; Jahrhunderts, in denen sich in Deutschland eine nationale Identit\u00e4t und eine politische Kultur entwickelt haben, die unsere Perspektive auf die Geschichte ma\u00dfgeblich beeinflussen. Auch wenn uns unsere heutige demokratische Verfassung in einem wiedervereinigten Deutschland selbstverst\u00e4ndlich erscheint, sollte man, selbst wenn man nach 1990 geboren wurde\u2026, nicht \u00fcbersehen, dass die hier verwirklichte <strong>&#8222;Einheit in Freiheit&#8220;<\/strong> \u00fcber den l\u00e4ngsten Zeitraum der vergangenen zweihundert Jahre zwar angestrebt aber auch unerreichbar war.<\/p>\n\n\n\n<p>&#8222;Wie wurde Deutschland zu dem, was es ist?&#8220; Diese und weitergehende Fragen zu stellen, ist auch aus &#8222;lerntechnischen&#8220; Gr\u00fcnden hilfreich, denn nur so kann man sinnvoll lernen und verstehen. Im Abitur wird gefordert,&nbsp; Quellen zu analysieren und in historische Zusammenh\u00e4nge einzuordnen. Der historische Kontext ist aber weit mehr als die Chronologie eines auswendig gelernten Zeitstrahls. Das mag niemanden \u00fcberraschen, leider ist es aber trotzdem nicht einfach, zu einem wirklichen Verst\u00e4ndnis der Geschichte zu gelangen. Daher sollte man sich zum Einstieg einige Gedanken zu folgenden Fragen machen, die auf verschiedene Momente der deutschen Geschichte anwendbar sind:<\/p>\n\n\n\n<h4 class=\"wp-block-heading\">Was ist Deutschland?<\/h4>\n\n\n\n<p>Diese einfache Frage kann nat\u00fcrlich auf das Territorium bezogen werden: Man kann zu verschiedenen Zeiten eine unterschiedliche Antwort darauf finden, zu nennen w\u00e4re z.B. die kleindeutsche\/gro\u00dfdeutsche L\u00f6sung, Deutschland in den Grenzen von 1937 oder die Staatsgebiete von BRD und DDR.<\/p>\n\n\n\n<p>Man kann die Frage aber auch auf das Staatswesen beziehen: Ist Deutschland eine absolute Monarchie oder eine Diktatur? Eine konstitutionelle Monarchie oder eine Republik? Ein Staatenbund, ein Bundesstaat oder ein zentralistisch organisierter Staat? Ein Staat mit einer einzigen Partei oder einem demokratischen Mehrparteiensystem?<\/p>\n\n\n\n<p>Man k\u00f6nnte die Frage in Anlehnung an die liberale Bewegung des 19. Jahrhunderts auch anders formulieren:<\/p>\n\n\n\n<h4 class=\"wp-block-heading\">Wie steht es um die &#8222;Freiheit&#8220; in Deutschland?<\/h4>\n\n\n\n<p>Sind die liberalen Forderungen nach Menschenrechten, Freiheit des geschriebenen und gesprochenen Wortes umgesetzt worden? Wie steht es um die M\u00f6glichkeiten der politischen Bet\u00e4tigung? Wird das Prinzip der Volkssouver\u00e4nit\u00e4t beachtet? Basiert das Wirtschaftssystem auf den Maximen des Wirtschaftsliberalismus?<\/p>\n\n\n\n<p>Eine weitere Frage w\u00e4re:<\/p>\n\n\n\n<h4 class=\"wp-block-heading\">Wer ist Deutsche(r)?<\/h4>\n\n\n\n<p>Auch auf diese scheinbar simple Frage lassen sich unterschiedliche Antworten finden, denn die Kriterien \u00e4ndern sich. Mal geh\u00f6ren die \u00d6sterreicher z.B. dazu, dann jedoch lange Zeit nicht mehr. Die Definition der Nation spielt hier eine wichtige Rolle. So kann man zu Beginn des 19. Jahrhunderts durch den Vergleich zwischen der deutschen &#8222;Kulturnation&#8220; und der franz\u00f6sischen &#8222;Staatsnation&#8220; unterschiedliche Kriterien f\u00fcr die Nationszugeh\u00f6rigkeit erarbeiten. Doch auch im 20. Jahrhundert spielt die Beantwortung der Frage weiterhin eine wichtige Rolle und erlaubt Schl\u00fcsse \u00fcber das Selbstverst\u00e4ndnis des deutschen Staates. Warum verloren Menschen in den drei\u00dfiger Jahren die deutsche Staatsb\u00fcrgerschaft? Auch diese negative Erfahrung ist ins Grundgesetz eingeflossen, das die Aberkennung der Staatsb\u00fcrgerschaft nicht erlaubt. Wieso konnten DDR-B\u00fcrger so leicht einen bundesrepublikanischen Pass erhalten? Was sagt die Ausb\u00fcrgerung von Wolf Biermann \u00fcber die DDR aus?<\/p>\n\n\n\n<p>Man kann den Fragen unterschiedliche Bedeutung beimessen. Man kann weitere Fragen stellen, doch man sollte auf jeden Fall welche&nbsp; stellen. Nur so lassen sich Antworten finden und nur so lassen sich Zusammenh\u00e4nge erkennen, lassen sich Vergleiche ziehen und Entwicklungslinien herausarbeiten.<\/p>\n\n\n\n<p>Die historischen Quellen &#8222;sprechen&#8220; nur zu uns, wenn wir ihnen Fragen stellen. Auch wenn die historischen Ereignisse sich nicht \u00e4ndern, so k\u00f6nnen sich doch die gestellten Fragen und die darauf erhaltenen Antworten ver\u00e4ndern. Dies zeigt die Abh\u00e4ngigkeit der &#8222;Geschichte&#8220; von der Standortgebundenheit ihres Betrachters, des Historikers. Diese &#8222;Selbstverst\u00e4ndlichkeit&#8220; sollte nicht vergessen werden, insbesondere, wenn man sich mit Sekund\u00e4rtexten auseinandersetzt.&nbsp; Dabei mag es aus heutiger Sicht ganz am\u00fcsant sein, beispielsweise die Meinungen renommierter deutscher Historiker zum 40.&nbsp; Geburtstag der Bundesrepublik im Mai 1989 zu lesen und dort auf die Aufforderung zu sto\u00dfen, dass die Deutschen sich so langsam von der Illusion der deutschen Einheit verabschieden sollten.<\/p>\n\n\n\n<p>Gibt es &#8222;die&#8220; Geschichte?<\/p>\n\n\n\n<p>Geschichte wird immer wieder neu geschrieben. So wie die Themen, Probleme und Fragen unserer Zeit wechseln, so ver\u00e4ndert sich unser Blick auf die Geschichte. Wenn also heute die Klimakatastrophe im Fokus unseres Denkens und unserer Diskussionen steht, dann liegt es nahe auf die Urspr\u00fcnge dieser Entwicklung zu schauen. Wenn wir heutzutage auf das Ergebnis von Umweltzerst\u00f6rung durch knapp zwei Jahrhunderte Industrialisierung blicken, dann bekommt die Untersuchung der Industriellen Revolution unweigerlich einen anderen Schwerpunkt. Wir k\u00f6nnen diese Entwicklung nicht mehr nur als Erfolgsgeschichte sehen. So sind die Verschmutzungen beispielsweise von Luft und Gew\u00e4ssern eine Begleiterscheinung der schnellen industriellen Entwicklung und nat\u00fcrlich gerade auch der chemischen Industrie (Stichwort 2. Industrielle Revolution).<\/p>\n\n\n\n<p>Kann man aus der Geschichte etwas &#8222;lernen&#8220;?<\/p>\n\n\n\n<p> Et k\u00fctt wie et k\u00fctt &#8211; Vielleicht sollte man zun\u00e4chst einmal zufrieden sein, etwas \u00fcber sie lernen zu k\u00f6nnen, und damit sogar das Abitur bestehen zu k\u00f6nnen. Denn sicher ist nur eines:<br><\/p>\n\n\n\n<figure class=\"wp-block-pullquote\"><blockquote><p>Et bliev nix wie et wor.<\/p><cite>K\u00f6lsches Grundgesetzt<\/cite><\/blockquote><\/figure>\n\n\n\n<hr class=\"wp-block-separator has-css-opacity\"\/>\n\n\n\n<h4 class=\"wp-block-heading\">Dokumente:<\/h4>\n\n\n\n<p>Hier gibt eine erste Hilfe zur Erstellung eines Datenger\u00fcsts f\u00fcr das 19. Jahrhundert.<\/p>\n\n\n\n<p><a href=\"http:\/\/www.rutiba.de\/wp-content\/uploads\/2010\/03\/Aufgabe_Datenger\u00fcst_19Jahrhundert.doc\">Aufgabe_Datenger\u00fcst_19_Jahrhundert<\/a><\/p>\n\n\n\n<p>Zur \u00dcberpr\u00fcfung der eigenen Antworten hier eine m\u00f6gliche L\u00f6sung:<\/p>\n\n\n\n<p><a href=\"http:\/\/www.rutiba.de\/wp-content\/uploads\/2010\/03\/Datenger\u00fcst_19Jahrhundert_V110410.doc\">Datenger\u00fcst_19Jahrhundert_V110410<\/a><\/p>\n\n\n\n<p>Die Geschichte geht (langsam) weiter:<\/p>\n\n\n\n<p>Welche Fragestellungen k\u00f6nnten hilfreich sein f\u00fcr die Erstellung einer Chronologie des zwanzigsten Jahrhunderts?<\/p>\n\n\n\n<p>Vorschl\u00e4ge&nbsp; findet ihr im folgenden Dokument:<\/p>\n\n\n\n<p><a href=\"http:\/\/www.rutiba.de\/wp-content\/uploads\/2010\/03\/Leitfragen_Chronologie_20Jahrhundert_Version1.doc\">Leitfragen_Chronologie_20Jahrhundert_Version1<\/a><\/p>\n\n\n\n<p>Die Weimarer Republik steht am Beginn eines &#8222;kurzen&#8220; Jahrhunderts und obwohl das Thema in den Pr\u00fcfungsvorgaben des Zentralabiturs nicht enthalten ist, ganz ohne die &#8222;ungeliebte Republik&#8220; geht&#8217;s auch nicht. Das folgende Dokument enth\u00e4lt einige Daten, die, wenn auch keine Erkl\u00e4rungen, so zumindest erste Anhaltspunkte&nbsp; f\u00fcr die Gr\u00fcnde des Scheiterns der ersten Republik auf deutschem Boden geben k\u00f6nnen.<\/p>\n\n\n\n<p><a href=\"http:\/\/www.rutiba.de\/wp-content\/uploads\/2010\/03\/Datenger\u00fcst_kurzes_20_Jahrhundert_Weimar.doc\">Datenger\u00fcst_kurzes_20_Jahrhundert_Weimar<\/a><\/p>\n\n\n\n<p>Zum Nationalsozialismus folgt hier zun\u00e4chst wieder eine Chronologie mit L\u00fccken, die gef\u00fcllt werden wollen&#8230;<\/p>\n\n\n\n<p>Die &#8222;Aufl\u00f6sung&#8220; folgt in absehbarer Zeit.<\/p>\n\n\n\n<p><a href=\"http:\/\/www.rutiba.de\/wp-content\/uploads\/2010\/03\/Errichtung_NS_Diktatur_Chronologie_L\u00fccken.doc\">Errichtung_NS_Diktatur_Chronologie_L\u00fccken<\/a><\/p>\n\n\n\n<p>Das folgende Dokument betrachtet die Zeit nach 1945 im&nbsp; internationalen und im deutschem Kontext.<\/p>\n\n\n\n<p><a href=\"http:\/\/www.rutiba.de\/wp-content\/uploads\/2010\/03\/Datenger\u00fcst_kurzes_20_Jahrhundert_Deutschland_nach_1945.doc\">Datenger\u00fcst_kurzes_20_Jahrhundert_Deutschland_nach_1945<\/a><\/p>\n\n\n\n<p>Und die &#8222;gef\u00fcllten L\u00fccken&#8220; sind hier:<\/p>\n\n\n\n<p><a href=\"http:\/\/www.rutiba.de\/wp-content\/uploads\/2010\/03\/Errichtung_NS_Diktatur_Chronologie.doc\">Errichtung_NS_Diktatur_Chronologie<\/a><\/p>\n\n\n\n<p>Das letzte Dokument mit den &#8222;letzten Ideen&#8220; f\u00fcr 2010:<\/p>\n\n\n\n<p><a href=\"http:\/\/www.rutiba.de\/wp-content\/uploads\/2010\/03\/Last_minute_advice.doc\">Last_minute_advice<\/a><\/p>\n","protected":false},"excerpt":{"rendered":"<p>Zentralabitur Diese Seite enth\u00e4lt Informationen zum Zentralabitur Geschichte in&nbsp; NRW. Nach den offiziellen Informationen und dem Link zur Seite des Ministeriums&nbsp; folgen im unteren Teil \u00dcberlegungen zum Umgang mit der Materialf\u00fclle. Der&nbsp; Abschnitt &#8222;Dokumente&#8220; enth\u00e4lt auch eigene Materialien zur Bearbeitung und zum Lernen. Dieser Abschnitt wird kontinuierlich erg\u00e4nzt. Den &#8222;Routenplaner&#8220; f\u00fcr das Zentralabitur Geschichte in [&hellip;]<\/p>\n","protected":false},"author":1,"featured_media":0,"parent":594,"menu_order":3,"comment_status":"closed","ping_status":"open","template":"","meta":{"jetpack_post_was_ever_published":false,"footnotes":""},"jetpack_sharing_enabled":true,"jetpack_shortlink":"https:\/\/wp.me\/P6RdV3-8","_links":{"self":[{"href":"https:\/\/www.rutiba.de\/index.php?rest_route=\/wp\/v2\/pages\/8"}],"collection":[{"href":"https:\/\/www.rutiba.de\/index.php?rest_route=\/wp\/v2\/pages"}],"about":[{"href":"https:\/\/www.rutiba.de\/index.php?rest_route=\/wp\/v2\/types\/page"}],"author":[{"embeddable":true,"href":"https:\/\/www.rutiba.de\/index.php?rest_route=\/wp\/v2\/users\/1"}],"replies":[{"embeddable":true,"href":"https:\/\/www.rutiba.de\/index.php?rest_route=%2Fwp%2Fv2%2Fcomments&post=8"}],"version-history":[{"count":25,"href":"https:\/\/www.rutiba.de\/index.php?rest_route=\/wp\/v2\/pages\/8\/revisions"}],"predecessor-version":[{"id":692,"href":"https:\/\/www.rutiba.de\/index.php?rest_route=\/wp\/v2\/pages\/8\/revisions\/692"}],"up":[{"embeddable":true,"href":"https:\/\/www.rutiba.de\/index.php?rest_route=\/wp\/v2\/pages\/594"}],"wp:attachment":[{"href":"https:\/\/www.rutiba.de\/index.php?rest_route=%2Fwp%2Fv2%2Fmedia&parent=8"}],"curies":[{"name":"wp","href":"https:\/\/api.w.org\/{rel}","templated":true}]}}