{"id":640,"date":"2021-01-18T20:59:55","date_gmt":"2021-01-18T19:59:55","guid":{"rendered":"http:\/\/www.rutiba.de\/?page_id=640"},"modified":"2021-01-18T23:33:41","modified_gmt":"2021-01-18T22:33:41","slug":"cataluna-catalunya","status":"publish","type":"page","link":"https:\/\/www.rutiba.de\/?page_id=640","title":{"rendered":"Catalu\u00f1a &#8211; Catalunya"},"content":{"rendered":"\n<p>Llegar a Barcelona&#8230;<\/p>\n\n\n\n<figure class=\"wp-block-embed is-type-video is-provider-youtube wp-block-embed-youtube wp-embed-aspect-4-3 wp-has-aspect-ratio\"><div class=\"wp-block-embed__wrapper\">\n<span class=\"embed-youtube\" style=\"text-align:center; display: block;\"><iframe loading=\"lazy\" class=\"youtube-player\" width=\"580\" height=\"327\" src=\"https:\/\/www.youtube.com\/embed\/NQ2atMv29YU?version=3&#038;rel=1&#038;showsearch=0&#038;showinfo=1&#038;iv_load_policy=1&#038;fs=1&#038;hl=de-DE&#038;autohide=2&#038;wmode=transparent\" allowfullscreen=\"true\" style=\"border:0;\" sandbox=\"allow-scripts allow-same-origin allow-popups allow-presentation allow-popups-to-escape-sandbox\"><\/iframe><\/span>\n<\/div><\/figure>\n\n\n\n<p><\/p>\n\n\n\n<p>1. \u00bfQu\u00e9 sabes ya sobre Catalu\u00f1a? Apunta algunas ideas.<\/p>\n\n\n\n<p><\/p>\n\n\n\n<p>2. Mira el segundo video y describe la situaci\u00f3n. \u00bfCu\u00e1l es el problema?<\/p>\n\n\n\n<figure class=\"wp-block-embed is-type-video is-provider-youtube wp-block-embed-youtube wp-embed-aspect-4-3 wp-has-aspect-ratio\"><div class=\"wp-block-embed__wrapper\">\n<span class=\"embed-youtube\" style=\"text-align:center; display: block;\"><iframe loading=\"lazy\" class=\"youtube-player\" width=\"580\" height=\"327\" src=\"https:\/\/www.youtube.com\/embed\/hDcx33nrPn0?version=3&#038;rel=1&#038;showsearch=0&#038;showinfo=1&#038;iv_load_policy=1&#038;fs=1&#038;hl=de-DE&#038;autohide=2&#038;wmode=transparent\" allowfullscreen=\"true\" style=\"border:0;\" sandbox=\"allow-scripts allow-same-origin allow-popups allow-presentation allow-popups-to-escape-sandbox\"><\/iframe><\/span>\n<\/div><\/figure>\n\n\n\n<p>3. \u00bfQu\u00e9 te parece el comportamiento del profesor?<\/p>\n\n\n\n<p>4. Lee las reacciones debajo del video en youtube. <\/p>\n\n\n\n<p>5. La escena contin\u00faa. Escucha la discusi\u00f3n (puedes activar los subt\u00edtulos). \u00bfQu\u00e9 posiciones se pueden identificar?<\/p>\n\n\n\n<figure class=\"wp-block-embed is-type-video is-provider-youtube wp-block-embed-youtube wp-embed-aspect-4-3 wp-has-aspect-ratio\"><div class=\"wp-block-embed__wrapper\">\n<span class=\"embed-youtube\" style=\"text-align:center; display: block;\"><iframe loading=\"lazy\" class=\"youtube-player\" width=\"580\" height=\"327\" src=\"https:\/\/www.youtube.com\/embed\/FApNEfS5qY4?version=3&#038;rel=1&#038;showsearch=0&#038;showinfo=1&#038;iv_load_policy=1&#038;fs=1&#038;hl=de-DE&#038;autohide=2&#038;wmode=transparent\" allowfullscreen=\"true\" style=\"border:0;\" sandbox=\"allow-scripts allow-same-origin allow-popups allow-presentation allow-popups-to-escape-sandbox\"><\/iframe><\/span>\n<\/div><\/figure>\n\n\n\n<p><\/p>\n\n\n\n<p><\/p>\n\n\n\n<p><\/p>\n","protected":false},"excerpt":{"rendered":"<p>Llegar a Barcelona&#8230; 1. \u00bfQu\u00e9 sabes ya sobre Catalu\u00f1a? Apunta algunas ideas. 2. Mira el segundo video y describe la situaci\u00f3n. \u00bfCu\u00e1l es el problema? 3. \u00bfQu\u00e9 te parece el comportamiento del profesor? 4. Lee las reacciones debajo del video en youtube. 5. La escena contin\u00faa. Escucha la discusi\u00f3n (puedes activar los subt\u00edtulos). \u00bfQu\u00e9 posiciones [&hellip;]<\/p>\n","protected":false},"author":1,"featured_media":0,"parent":0,"menu_order":7,"comment_status":"closed","ping_status":"closed","template":"","meta":{"jetpack_post_was_ever_published":false,"footnotes":""},"jetpack_sharing_enabled":true,"jetpack_shortlink":"https:\/\/wp.me\/P6RdV3-ak","_links":{"self":[{"href":"https:\/\/www.rutiba.de\/index.php?rest_route=\/wp\/v2\/pages\/640"}],"collection":[{"href":"https:\/\/www.rutiba.de\/index.php?rest_route=\/wp\/v2\/pages"}],"about":[{"href":"https:\/\/www.rutiba.de\/index.php?rest_route=\/wp\/v2\/types\/page"}],"author":[{"embeddable":true,"href":"https:\/\/www.rutiba.de\/index.php?rest_route=\/wp\/v2\/users\/1"}],"replies":[{"embeddable":true,"href":"https:\/\/www.rutiba.de\/index.php?rest_route=%2Fwp%2Fv2%2Fcomments&post=640"}],"version-history":[{"count":4,"href":"https:\/\/www.rutiba.de\/index.php?rest_route=\/wp\/v2\/pages\/640\/revisions"}],"predecessor-version":[{"id":646,"href":"https:\/\/www.rutiba.de\/index.php?rest_route=\/wp\/v2\/pages\/640\/revisions\/646"}],"wp:attachment":[{"href":"https:\/\/www.rutiba.de\/index.php?rest_route=%2Fwp%2Fv2%2Fmedia&parent=640"}],"curies":[{"name":"wp","href":"https:\/\/api.w.org\/{rel}","templated":true}]}}