{"id":632,"date":"2021-01-12T15:36:50","date_gmt":"2021-01-12T14:36:50","guid":{"rendered":"http:\/\/www.rutiba.de\/?page_id=632"},"modified":"2021-01-12T16:18:18","modified_gmt":"2021-01-12T15:18:18","slug":"bilingueismo","status":"publish","type":"page","link":"https:\/\/www.rutiba.de\/?page_id=632","title":{"rendered":"La Espa\u00f1a multicultural"},"content":{"rendered":"\n<p>En Espa\u00f1a se habla espa\u00f1ol&#8230; pero hay m\u00e1s idiomas. Aqu\u00ed ten\u00e9is la explicaci\u00f3n m\u00e1s corta:<\/p>\n\n\n\n<figure class=\"wp-block-embed is-type-video is-provider-youtube wp-block-embed-youtube wp-embed-aspect-16-9 wp-has-aspect-ratio\"><div class=\"wp-block-embed__wrapper\">\n<span class=\"embed-youtube\" style=\"text-align:center; display: block;\"><iframe loading=\"lazy\" class=\"youtube-player\" width=\"580\" height=\"327\" src=\"https:\/\/www.youtube.com\/embed\/CVBt903uXrc?version=3&#038;rel=1&#038;showsearch=0&#038;showinfo=1&#038;iv_load_policy=1&#038;fs=1&#038;hl=de-DE&#038;autohide=2&#038;wmode=transparent\" allowfullscreen=\"true\" style=\"border:0;\" sandbox=\"allow-scripts allow-same-origin allow-popups allow-presentation allow-popups-to-escape-sandbox\"><\/iframe><\/span>\n<\/div><\/figure>\n\n\n\n<p>El biling\u00fcismo es un fen\u00f3meno t\u00edpico en algunas regiones de Espa\u00f1a. Si quieres saber m\u00e1s detalles sobre d\u00f3nde se hablan otros idiomas que el castellano y cu\u00e1ntos hablantes de las lenguas minoritarias hay &#8211; <a rel=\"noreferrer noopener\" href=\"https:\/\/elpais.com\/politica\/imagenes\/2019\/03\/17\/actualidad\/1552847937_998977_1552848663_portadilla_normal.png\" target=\"_blank\">miralo en este mapa.<\/a><\/p>\n\n\n\n<p>En el siguiente v\u00eddeo Jes\u00fas os explica las lenguas de Espa\u00f1a a su manera. Se le entiende bastante bien. Adem\u00e1s ha llamado a algunas amig@s para que pronuncien una frase en su idioma lo que puede ser interesante porque vais a notar las diferencias.<\/p>\n\n\n\n<figure class=\"wp-block-embed is-type-video is-provider-youtube wp-block-embed-youtube wp-embed-aspect-16-9 wp-has-aspect-ratio\"><div class=\"wp-block-embed__wrapper\">\n<span class=\"embed-youtube\" style=\"text-align:center; display: block;\"><iframe loading=\"lazy\" class=\"youtube-player\" width=\"580\" height=\"327\" src=\"https:\/\/www.youtube.com\/embed\/d6vLerZkEbc?version=3&#038;rel=1&#038;showsearch=0&#038;showinfo=1&#038;iv_load_policy=1&#038;fs=1&#038;hl=de-DE&#038;autohide=2&#038;wmode=transparent\" allowfullscreen=\"true\" style=\"border:0;\" sandbox=\"allow-scripts allow-same-origin allow-popups allow-presentation allow-popups-to-escape-sandbox\"><\/iframe><\/span>\n<\/div><\/figure>\n\n\n\n<p><\/p>\n","protected":false},"excerpt":{"rendered":"<p>En Espa\u00f1a se habla espa\u00f1ol&#8230; pero hay m\u00e1s idiomas. Aqu\u00ed ten\u00e9is la explicaci\u00f3n m\u00e1s corta: El biling\u00fcismo es un fen\u00f3meno t\u00edpico en algunas regiones de Espa\u00f1a. Si quieres saber m\u00e1s detalles sobre d\u00f3nde se hablan otros idiomas que el castellano y cu\u00e1ntos hablantes de las lenguas minoritarias hay &#8211; miralo en este mapa. En el [&hellip;]<\/p>\n","protected":false},"author":1,"featured_media":0,"parent":15,"menu_order":4,"comment_status":"closed","ping_status":"closed","template":"","meta":{"jetpack_post_was_ever_published":false,"footnotes":""},"jetpack_sharing_enabled":true,"jetpack_shortlink":"https:\/\/wp.me\/P6RdV3-ac","_links":{"self":[{"href":"https:\/\/www.rutiba.de\/index.php?rest_route=\/wp\/v2\/pages\/632"}],"collection":[{"href":"https:\/\/www.rutiba.de\/index.php?rest_route=\/wp\/v2\/pages"}],"about":[{"href":"https:\/\/www.rutiba.de\/index.php?rest_route=\/wp\/v2\/types\/page"}],"author":[{"embeddable":true,"href":"https:\/\/www.rutiba.de\/index.php?rest_route=\/wp\/v2\/users\/1"}],"replies":[{"embeddable":true,"href":"https:\/\/www.rutiba.de\/index.php?rest_route=%2Fwp%2Fv2%2Fcomments&post=632"}],"version-history":[{"count":5,"href":"https:\/\/www.rutiba.de\/index.php?rest_route=\/wp\/v2\/pages\/632\/revisions"}],"predecessor-version":[{"id":639,"href":"https:\/\/www.rutiba.de\/index.php?rest_route=\/wp\/v2\/pages\/632\/revisions\/639"}],"up":[{"embeddable":true,"href":"https:\/\/www.rutiba.de\/index.php?rest_route=\/wp\/v2\/pages\/15"}],"wp:attachment":[{"href":"https:\/\/www.rutiba.de\/index.php?rest_route=%2Fwp%2Fv2%2Fmedia&parent=632"}],"curies":[{"name":"wp","href":"https:\/\/api.w.org\/{rel}","templated":true}]}}