{"id":623,"date":"2021-01-11T23:58:36","date_gmt":"2021-01-11T22:58:36","guid":{"rendered":"http:\/\/www.rutiba.de\/?page_id=623"},"modified":"2021-03-10T00:00:36","modified_gmt":"2021-03-09T23:00:36","slug":"nationalsozialismus","status":"publish","type":"page","link":"https:\/\/www.rutiba.de\/?page_id=623","title":{"rendered":"Nationalsozialismus"},"content":{"rendered":"\n<p>Wie wird eine Demokratie zur Diktatur?<\/p>\n\n\n\n<p>Die <a rel=\"noreferrer noopener\" href=\"https:\/\/www.bpb.de\/geschichte\/nationalsozialismus\/dossier-nationalsozialismus\/39539\/ns-bewegung-ursachen\" target=\"_blank\">ausf\u00fchrliche Antwort<\/a> gibt der Historiker Hans-Ulrich Thamer, einen knappen Einstieg bietet dieses kurze Video:<\/p>\n\n\n\n<figure class=\"wp-block-embed is-type-video is-provider-youtube wp-block-embed-youtube wp-embed-aspect-16-9 wp-has-aspect-ratio\"><div class=\"wp-block-embed__wrapper\">\n<span class=\"embed-youtube\" style=\"text-align:center; display: block;\"><iframe loading=\"lazy\" class=\"youtube-player\" width=\"580\" height=\"327\" src=\"https:\/\/www.youtube.com\/embed\/CB7kYw60M1M?version=3&#038;rel=1&#038;showsearch=0&#038;showinfo=1&#038;iv_load_policy=1&#038;fs=1&#038;hl=de-DE&#038;autohide=2&#038;wmode=transparent\" allowfullscreen=\"true\" style=\"border:0;\" sandbox=\"allow-scripts allow-same-origin allow-popups allow-presentation allow-popups-to-escape-sandbox\"><\/iframe><\/span>\n<\/div><\/figure>\n\n\n\n<p>Die NSDAP hatte seit Jahren auf die Macht\u00fcbernahme hingearbeitet. Als Hitler am 30. Januar 1933 von Reichspr\u00e4sident von Hindenburg zum Reichskanzler ernannt wurde, war das jedoch erst der Anfang des Aufbaus der Diktatur. Die Ereignisse bis zum Sommer 1933 waren entscheidend. Was in dieser Zeit geschah, l\u00e4sst sich in der ausf\u00fchrlichen <a rel=\"noreferrer noopener\" href=\"https:\/\/www.bpb.de\/geschichte\/nationalsozialismus\/dossier-nationalsozialismus\/39544\/machtergreifung?p=all\" target=\"_blank\">Darstellung von Hans-Ulrich Thamer<\/a> sehr gut nachlesen. <\/p>\n\n\n\n<p>Die dritte Stufe der Machtergreifung und damit ein erster Abschluss des Aufbaus der Diktatur wurde am 2. August 1934 mit dem Tod des Reichspr\u00e4sidenten von Hindenburg erreicht. Kurz zuvor hatte Hitler am 30. Juni mit dem SA-F\u00fchrer Ernst R\u00f6hm einen Konkurrenten innerhalb der eigenen Partei ermorden lassen. Dieses Ereignis wurde bekannt als: <\/p>\n\n\n\n<figure class=\"wp-block-embed is-type-video is-provider-youtube wp-block-embed-youtube wp-embed-aspect-16-9 wp-has-aspect-ratio\"><div class=\"wp-block-embed__wrapper\">\n<span class=\"embed-youtube\" style=\"text-align:center; display: block;\"><iframe loading=\"lazy\" class=\"youtube-player\" width=\"580\" height=\"327\" src=\"https:\/\/www.youtube.com\/embed\/uvG4On6-zZc?version=3&#038;rel=1&#038;showsearch=0&#038;showinfo=1&#038;iv_load_policy=1&#038;fs=1&#038;hl=de-DE&#038;autohide=2&#038;wmode=transparent\" allowfullscreen=\"true\" style=\"border:0;\" sandbox=\"allow-scripts allow-same-origin allow-popups allow-presentation allow-popups-to-escape-sandbox\"><\/iframe><\/span>\n<\/div><\/figure>\n\n\n\n<p>Dem vorangegangen waren eine Vielzahl von Ma\u00dfnahmen von der Einschr\u00e4nkung der B\u00fcrgerrechte, der Unterdr\u00fcckung der Opposition und der Selbstentmachtung des Parlaments \u00fcber die ersten antij\u00fcdischen Aktivit\u00e4ten bis zur Aufl\u00f6sung der Parteien und des F\u00f6deralismus.<\/p>\n\n\n\n<p>Die Phase der sogenannten Gleichschaltung der Gesellschaft beschreibt Thamer in einem weiteren <a rel=\"noreferrer noopener\" href=\"https:\/\/www.bpb.de\/geschichte\/nationalsozialismus\/dossier-nationalsozialismus\/39548\/gleichschaltung?p=all\" target=\"_blank\">Auszug aus den Informationen zur politischen Bildung,<\/a> den ihr auf der Seite der Bundeszentrale f\u00fcr politische Bildung finden k\u00f6nnt.<\/p>\n\n\n\n<figure class=\"wp-block-embed is-type-video is-provider-youtube wp-block-embed-youtube wp-embed-aspect-16-9 wp-has-aspect-ratio\"><div class=\"wp-block-embed__wrapper\">\n<span class=\"embed-youtube\" style=\"text-align:center; display: block;\"><iframe loading=\"lazy\" class=\"youtube-player\" width=\"580\" height=\"327\" src=\"https:\/\/www.youtube.com\/embed\/UzP4jVJUg44?version=3&#038;rel=1&#038;showsearch=0&#038;showinfo=1&#038;iv_load_policy=1&#038;fs=1&#038;hl=de-DE&#038;autohide=2&#038;wmode=transparent\" allowfullscreen=\"true\" style=\"border:0;\" sandbox=\"allow-scripts allow-same-origin allow-popups allow-presentation allow-popups-to-escape-sandbox\"><\/iframe><\/span>\n<\/div><\/figure>\n\n\n\n<p><strong>Die Ideologie des Nationalsozialismus<\/strong><\/p>\n\n\n\n<p>Die Idee der <strong>&#8222;Volksgemeinschaft&#8220;<\/strong>: Wer geh\u00f6rt dazu? Wer nicht?<\/p>\n\n\n\n<p><strong>Sozialdarwinismus<\/strong>: ein angeblich biologisch begr\u00fcndetes \u00dcberlegenheitsdenken f\u00fchrte zu Rassismus und Ausgrenzung \/ <strong>Antisemitismus<\/strong> als besondere Form des Rassismus<\/p>\n\n\n\n<p><strong>&#8222;Lebensraum&#8220;-Ideologie <\/strong>(Lebensraum f\u00fcr das &#8222;deutsche Volk&#8220;)<\/p>\n\n\n\n<p><strong>F\u00fchrerprinzip<\/strong> &#8211; Hitler als F\u00fchrer, &#8222;kleine F\u00fchrer&#8220; in allen Bereichen<\/p>\n\n\n\n<p>Umgesetzt wurde die Ideologie durch Gewalt, Terror und \u00fcbersteigerten Nationalismus. Hier gibt es eine knappe Zusammenfassung: <\/p>\n\n\n\n<figure class=\"wp-block-embed is-type-video is-provider-youtube wp-block-embed-youtube wp-embed-aspect-16-9 wp-has-aspect-ratio\"><div class=\"wp-block-embed__wrapper\">\n<span class=\"embed-youtube\" style=\"text-align:center; display: block;\"><iframe loading=\"lazy\" class=\"youtube-player\" width=\"580\" height=\"327\" src=\"https:\/\/www.youtube.com\/embed\/nyzCwtXqRv0?version=3&#038;rel=1&#038;showsearch=0&#038;showinfo=1&#038;iv_load_policy=1&#038;fs=1&#038;hl=de-DE&#038;autohide=2&#038;wmode=transparent\" allowfullscreen=\"true\" style=\"border:0;\" sandbox=\"allow-scripts allow-same-origin allow-popups allow-presentation allow-popups-to-escape-sandbox\"><\/iframe><\/span>\n<\/div><\/figure>\n\n\n\n<p>Die nationalsozialististische Ideologie pr\u00e4gte den Alltag im Dritten Reich. Dieser Dokumentarfilm zeigt Beispiele aus den S\u00fcdwesten Deutschlands.<\/p>\n\n\n\n<figure class=\"wp-block-embed is-type-video is-provider-youtube wp-block-embed-youtube wp-embed-aspect-16-9 wp-has-aspect-ratio\"><div class=\"wp-block-embed__wrapper\">\n<span class=\"embed-youtube\" style=\"text-align:center; display: block;\"><iframe loading=\"lazy\" class=\"youtube-player\" width=\"580\" height=\"327\" src=\"https:\/\/www.youtube.com\/embed\/zIzZU6Bjq3g?version=3&#038;rel=1&#038;showsearch=0&#038;showinfo=1&#038;iv_load_policy=1&#038;fs=1&#038;hl=de-DE&#038;autohide=2&#038;wmode=transparent\" allowfullscreen=\"true\" style=\"border:0;\" sandbox=\"allow-scripts allow-same-origin allow-popups allow-presentation allow-popups-to-escape-sandbox\"><\/iframe><\/span>\n<\/div><\/figure>\n\n\n\n<p><strong>Die Au\u00dfenpolitik des Nationsozialismus<\/strong><\/p>\n\n\n\n<p>Die Vorbereitung des Krieges begann mit dem Aufbau der Kriegsmittelproduktion.<\/p>\n\n\n\n<p>Hitlers Geld und R\u00fcstungspolitik:<\/p>\n\n\n\n<figure class=\"wp-block-embed is-type-video is-provider-youtube wp-block-embed-youtube wp-embed-aspect-16-9 wp-has-aspect-ratio\"><div class=\"wp-block-embed__wrapper\">\n<span class=\"embed-youtube\" style=\"text-align:center; display: block;\"><iframe loading=\"lazy\" class=\"youtube-player\" width=\"580\" height=\"327\" src=\"https:\/\/www.youtube.com\/embed\/fdloeMNZs7k?version=3&#038;rel=1&#038;showsearch=0&#038;showinfo=1&#038;iv_load_policy=1&#038;fs=1&#038;hl=de-DE&#038;autohide=2&#038;wmode=transparent\" allowfullscreen=\"true\" style=\"border:0;\" sandbox=\"allow-scripts allow-same-origin allow-popups allow-presentation allow-popups-to-escape-sandbox\"><\/iframe><\/span>\n<\/div><\/figure>\n\n\n\n<p>Die Kriegsvorbereitung:<\/p>\n\n\n\n<figure class=\"wp-block-embed is-type-video is-provider-youtube wp-block-embed-youtube wp-embed-aspect-16-9 wp-has-aspect-ratio\"><div class=\"wp-block-embed__wrapper\">\n<span class=\"embed-youtube\" style=\"text-align:center; display: block;\"><iframe loading=\"lazy\" class=\"youtube-player\" width=\"580\" height=\"327\" src=\"https:\/\/www.youtube.com\/embed\/ytU2Yo5a0_E?version=3&#038;rel=1&#038;showsearch=0&#038;showinfo=1&#038;iv_load_policy=1&#038;fs=1&#038;hl=de-DE&#038;autohide=2&#038;wmode=transparent\" allowfullscreen=\"true\" style=\"border:0;\" sandbox=\"allow-scripts allow-same-origin allow-popups allow-presentation allow-popups-to-escape-sandbox\"><\/iframe><\/span>\n<\/div><\/figure>\n\n\n\n<p>Der Beginn des II. Weltkriegs:<\/p>\n\n\n\n<figure class=\"wp-block-embed is-type-video is-provider-youtube wp-block-embed-youtube wp-embed-aspect-16-9 wp-has-aspect-ratio\"><div class=\"wp-block-embed__wrapper\">\n<span class=\"embed-youtube\" style=\"text-align:center; display: block;\"><iframe loading=\"lazy\" class=\"youtube-player\" width=\"580\" height=\"327\" src=\"https:\/\/www.youtube.com\/embed\/JHw7DbiWaCc?version=3&#038;rel=1&#038;showsearch=0&#038;showinfo=1&#038;iv_load_policy=1&#038;fs=1&#038;hl=de-DE&#038;autohide=2&#038;wmode=transparent\" allowfullscreen=\"true\" style=\"border:0;\" sandbox=\"allow-scripts allow-same-origin allow-popups allow-presentation allow-popups-to-escape-sandbox\"><\/iframe><\/span>\n<\/div><\/figure>\n\n\n\n<p>Der weitere Verlauf des Krieges und der &#8222;Untergang&#8220;:<\/p>\n\n\n\n<figure class=\"wp-block-embed is-type-video is-provider-youtube wp-block-embed-youtube wp-embed-aspect-16-9 wp-has-aspect-ratio\"><div class=\"wp-block-embed__wrapper\">\n<span class=\"embed-youtube\" style=\"text-align:center; display: block;\"><iframe loading=\"lazy\" class=\"youtube-player\" width=\"580\" height=\"327\" src=\"https:\/\/www.youtube.com\/embed\/ypZu71D4iVg?version=3&#038;rel=1&#038;showsearch=0&#038;showinfo=1&#038;iv_load_policy=1&#038;fs=1&#038;hl=de-DE&#038;autohide=2&#038;wmode=transparent\" allowfullscreen=\"true\" style=\"border:0;\" sandbox=\"allow-scripts allow-same-origin allow-popups allow-presentation allow-popups-to-escape-sandbox\"><\/iframe><\/span>\n<\/div><\/figure>\n\n\n\n<p>Widerstand gegen Hitler:<\/p>\n\n\n\n<figure class=\"wp-block-embed is-type-video is-provider-youtube wp-block-embed-youtube wp-embed-aspect-16-9 wp-has-aspect-ratio\"><div class=\"wp-block-embed__wrapper\">\n<span class=\"embed-youtube\" style=\"text-align:center; display: block;\"><iframe loading=\"lazy\" class=\"youtube-player\" width=\"580\" height=\"327\" src=\"https:\/\/www.youtube.com\/embed\/2c76U3q9joU?version=3&#038;rel=1&#038;showsearch=0&#038;showinfo=1&#038;iv_load_policy=1&#038;fs=1&#038;hl=de-DE&#038;autohide=2&#038;wmode=transparent\" allowfullscreen=\"true\" style=\"border:0;\" sandbox=\"allow-scripts allow-same-origin allow-popups allow-presentation allow-popups-to-escape-sandbox\"><\/iframe><\/span>\n<\/div><\/figure>\n\n\n\n<p><a rel=\"noreferrer noopener\" href=\"https:\/\/www.bpb.de\/izpb\/239450\/27-januar-gedenktag-fuer-die-opfer-des-nationalsozialismus\" target=\"_blank\">Der 27. Januar 1945<\/a><\/p>\n\n\n\n<p><\/p>\n\n\n\n<p><\/p>\n\n\n\n<p><\/p>\n","protected":false},"excerpt":{"rendered":"<p>Wie wird eine Demokratie zur Diktatur? Die ausf\u00fchrliche Antwort gibt der Historiker Hans-Ulrich Thamer, einen knappen Einstieg bietet dieses kurze Video: Die NSDAP hatte seit Jahren auf die Macht\u00fcbernahme hingearbeitet. Als Hitler am 30. Januar 1933 von Reichspr\u00e4sident von Hindenburg zum Reichskanzler ernannt wurde, war das jedoch erst der Anfang des Aufbaus der Diktatur. Die [&hellip;]<\/p>\n","protected":false},"author":1,"featured_media":0,"parent":8,"menu_order":0,"comment_status":"closed","ping_status":"closed","template":"","meta":{"jetpack_post_was_ever_published":false,"footnotes":""},"jetpack_sharing_enabled":true,"jetpack_shortlink":"https:\/\/wp.me\/P6RdV3-a3","_links":{"self":[{"href":"https:\/\/www.rutiba.de\/index.php?rest_route=\/wp\/v2\/pages\/623"}],"collection":[{"href":"https:\/\/www.rutiba.de\/index.php?rest_route=\/wp\/v2\/pages"}],"about":[{"href":"https:\/\/www.rutiba.de\/index.php?rest_route=\/wp\/v2\/types\/page"}],"author":[{"embeddable":true,"href":"https:\/\/www.rutiba.de\/index.php?rest_route=\/wp\/v2\/users\/1"}],"replies":[{"embeddable":true,"href":"https:\/\/www.rutiba.de\/index.php?rest_route=%2Fwp%2Fv2%2Fcomments&post=623"}],"version-history":[{"count":5,"href":"https:\/\/www.rutiba.de\/index.php?rest_route=\/wp\/v2\/pages\/623\/revisions"}],"predecessor-version":[{"id":689,"href":"https:\/\/www.rutiba.de\/index.php?rest_route=\/wp\/v2\/pages\/623\/revisions\/689"}],"up":[{"embeddable":true,"href":"https:\/\/www.rutiba.de\/index.php?rest_route=\/wp\/v2\/pages\/8"}],"wp:attachment":[{"href":"https:\/\/www.rutiba.de\/index.php?rest_route=%2Fwp%2Fv2%2Fmedia&parent=623"}],"curies":[{"name":"wp","href":"https:\/\/api.w.org\/{rel}","templated":true}]}}