{"id":617,"date":"2021-01-11T22:39:18","date_gmt":"2021-01-11T21:39:18","guid":{"rendered":"http:\/\/www.rutiba.de\/?page_id=617"},"modified":"2021-01-12T09:59:22","modified_gmt":"2021-01-12T08:59:22","slug":"franzoesisch-9","status":"publish","type":"page","link":"https:\/\/www.rutiba.de\/?page_id=617","title":{"rendered":"Franz\u00f6sisch 9"},"content":{"rendered":"\n<p><strong>La<\/strong> <strong>Francophonie<\/strong><\/p>\n\n\n\n<p>C&#8217;est quoi exactement, la Francophonie? <\/p>\n\n\n\n<p>Vous trouverez beaucoup d&#8217;information, mais surtout une bonne carte des pays francophones dans le monde sur le site de <a rel=\"noreferrer noopener\" href=\"http:\/\/geoconfluences.ens-lyon.fr\/informations-scientifiques\/articles\/francophonie\" target=\"_blank\">G\u00e9oconfluences<\/a>.<\/p>\n\n\n\n<figure class=\"wp-block-embed is-type-video is-provider-youtube wp-block-embed-youtube wp-embed-aspect-16-9 wp-has-aspect-ratio\"><div class=\"wp-block-embed__wrapper\">\n<span class=\"embed-youtube\" style=\"text-align:center; display: block;\"><iframe loading=\"lazy\" class=\"youtube-player\" width=\"580\" height=\"327\" src=\"https:\/\/www.youtube.com\/embed\/dujeYQo32C8?version=3&#038;rel=1&#038;showsearch=0&#038;showinfo=1&#038;iv_load_policy=1&#038;fs=1&#038;hl=de-DE&#038;autohide=2&#038;wmode=transparent\" allowfullscreen=\"true\" style=\"border:0;\" sandbox=\"allow-scripts allow-same-origin allow-popups allow-presentation allow-popups-to-escape-sandbox\"><\/iframe><\/span>\n<\/div><\/figure>\n\n\n\n<p>Pour une premi\u00e8re impression de la Martinique commencez par cette vid\u00e9o de 4 minutes ou visitez le site du <a rel=\"noreferrer noopener\" href=\"https:\/\/www.martinique.org\/\" target=\"_blank\">Comit\u00e9 Martiniquais de Tourisme<\/a> et regardez les photos en 360\u00b0!<\/p>\n\n\n\n<p>Le paysage de la Martinique est extraordinaire. Sur TV5 Monde vous trouverez <a href=\"https:\/\/revoir.tv5monde.com\/toutes-les-videos\/art-de-vivre\/la-minute-nature-martinique\" target=\"_blank\" rel=\"noreferrer noopener\">une autre vid\u00e9o.<\/a><\/p>\n\n\n\n<p><\/p>\n\n\n\n<p><\/p>\n\n\n\n<p><\/p>\n","protected":false},"excerpt":{"rendered":"<p>La Francophonie C&#8217;est quoi exactement, la Francophonie? Vous trouverez beaucoup d&#8217;information, mais surtout une bonne carte des pays francophones dans le monde sur le site de G\u00e9oconfluences. Pour une premi\u00e8re impression de la Martinique commencez par cette vid\u00e9o de 4 minutes ou visitez le site du Comit\u00e9 Martiniquais de Tourisme et regardez les photos en [&hellip;]<\/p>\n","protected":false},"author":1,"featured_media":0,"parent":6,"menu_order":7,"comment_status":"closed","ping_status":"closed","template":"","meta":{"jetpack_post_was_ever_published":false,"footnotes":""},"jetpack_sharing_enabled":true,"jetpack_shortlink":"https:\/\/wp.me\/P6RdV3-9X","_links":{"self":[{"href":"https:\/\/www.rutiba.de\/index.php?rest_route=\/wp\/v2\/pages\/617"}],"collection":[{"href":"https:\/\/www.rutiba.de\/index.php?rest_route=\/wp\/v2\/pages"}],"about":[{"href":"https:\/\/www.rutiba.de\/index.php?rest_route=\/wp\/v2\/types\/page"}],"author":[{"embeddable":true,"href":"https:\/\/www.rutiba.de\/index.php?rest_route=\/wp\/v2\/users\/1"}],"replies":[{"embeddable":true,"href":"https:\/\/www.rutiba.de\/index.php?rest_route=%2Fwp%2Fv2%2Fcomments&post=617"}],"version-history":[{"count":5,"href":"https:\/\/www.rutiba.de\/index.php?rest_route=\/wp\/v2\/pages\/617\/revisions"}],"predecessor-version":[{"id":630,"href":"https:\/\/www.rutiba.de\/index.php?rest_route=\/wp\/v2\/pages\/617\/revisions\/630"}],"up":[{"embeddable":true,"href":"https:\/\/www.rutiba.de\/index.php?rest_route=\/wp\/v2\/pages\/6"}],"wp:attachment":[{"href":"https:\/\/www.rutiba.de\/index.php?rest_route=%2Fwp%2Fv2%2Fmedia&parent=617"}],"curies":[{"name":"wp","href":"https:\/\/api.w.org\/{rel}","templated":true}]}}