{"id":6,"date":"2010-03-26T00:36:37","date_gmt":"2010-03-25T23:36:37","guid":{"rendered":"http:\/\/www.rutiba.de\/?page_id=6"},"modified":"2020-03-27T11:58:59","modified_gmt":"2020-03-27T10:58:59","slug":"franzosisch","status":"publish","type":"page","link":"https:\/\/www.rutiba.de\/?page_id=6","title":{"rendered":"Franz\u00f6sisch"},"content":{"rendered":"<p>Ren\u00e9 beginnt er seinen <em>Discours<\/em>, indem er sich \u00fcber &#8222;die am gerechtesten verteilte Sache der Welt ausl\u00e4sst&#8220; &#8211; den gesunden Menschenverstand:<\/p>\n<p>\u00ab Le bon sens est la chose du monde la mieux partag\u00e9e ; car chacun pense en \u00eatre si bien pourvu que ceux m\u00eame qui sont les plus difficiles \u00e0 contenter en toute autre chose n&#8217;ont point coutume d&#8217;en d\u00e9sirer plus qu&#8217;ils en ont. \u00bb<\/p>\n<p>Descartes,&nbsp; <em>Discours de la m\u00e9thode, &nbsp; Premi\u00e8re Partie<br \/>\n<\/em><\/p>\n","protected":false},"excerpt":{"rendered":"<p>Ren\u00e9 beginnt er seinen Discours, indem er sich \u00fcber &#8222;die am gerechtesten verteilte Sache der Welt ausl\u00e4sst&#8220; &#8211; den gesunden Menschenverstand: \u00ab Le bon sens est la chose du monde la mieux partag\u00e9e ; car chacun pense en \u00eatre si bien pourvu que ceux m\u00eame qui sont les plus difficiles \u00e0 contenter en toute autre [&hellip;]<\/p>\n","protected":false},"author":1,"featured_media":569,"parent":0,"menu_order":13,"comment_status":"closed","ping_status":"closed","template":"","meta":{"jetpack_post_was_ever_published":false,"footnotes":""},"jetpack_sharing_enabled":true,"jetpack_shortlink":"https:\/\/wp.me\/P6RdV3-6","_links":{"self":[{"href":"https:\/\/www.rutiba.de\/index.php?rest_route=\/wp\/v2\/pages\/6"}],"collection":[{"href":"https:\/\/www.rutiba.de\/index.php?rest_route=\/wp\/v2\/pages"}],"about":[{"href":"https:\/\/www.rutiba.de\/index.php?rest_route=\/wp\/v2\/types\/page"}],"author":[{"embeddable":true,"href":"https:\/\/www.rutiba.de\/index.php?rest_route=\/wp\/v2\/users\/1"}],"replies":[{"embeddable":true,"href":"https:\/\/www.rutiba.de\/index.php?rest_route=%2Fwp%2Fv2%2Fcomments&post=6"}],"version-history":[{"count":7,"href":"https:\/\/www.rutiba.de\/index.php?rest_route=\/wp\/v2\/pages\/6\/revisions"}],"predecessor-version":[{"id":574,"href":"https:\/\/www.rutiba.de\/index.php?rest_route=\/wp\/v2\/pages\/6\/revisions\/574"}],"wp:featuredmedia":[{"embeddable":true,"href":"https:\/\/www.rutiba.de\/index.php?rest_route=\/wp\/v2\/media\/569"}],"wp:attachment":[{"href":"https:\/\/www.rutiba.de\/index.php?rest_route=%2Fwp%2Fv2%2Fmedia&parent=6"}],"curies":[{"name":"wp","href":"https:\/\/api.w.org\/{rel}","templated":true}]}}