{"id":4,"date":"2010-03-25T23:34:19","date_gmt":"2010-03-25T22:34:19","guid":{"rendered":"http:\/\/www.rutiba.de\/?page_id=4"},"modified":"2020-11-15T16:05:43","modified_gmt":"2020-11-15T15:05:43","slug":"home","status":"publish","type":"page","link":"https:\/\/www.rutiba.de\/","title":{"rendered":"\u00a1Bienvenid@s!"},"content":{"rendered":"\n<div class=\"wp-block-image\"><figure class=\"aligncenter size-large is-resized\"><img loading=\"lazy\" decoding=\"async\" src=\"http:\/\/www.rutiba.de\/wp-content\/uploads\/2020\/03\/IMG_3071-1-scaled-e1584267502982-1024x1024.jpg\" alt=\"\" class=\"wp-image-466\" width=\"512\" height=\"512\" srcset=\"https:\/\/www.rutiba.de\/wp-content\/uploads\/2020\/03\/IMG_3071-1-scaled-e1584267502982-1024x1024.jpg 1024w, https:\/\/www.rutiba.de\/wp-content\/uploads\/2020\/03\/IMG_3071-1-scaled-e1584267502982-300x300.jpg 300w, https:\/\/www.rutiba.de\/wp-content\/uploads\/2020\/03\/IMG_3071-1-scaled-e1584267502982-150x150.jpg 150w, https:\/\/www.rutiba.de\/wp-content\/uploads\/2020\/03\/IMG_3071-1-scaled-e1584267502982-768x768.jpg 768w, https:\/\/www.rutiba.de\/wp-content\/uploads\/2020\/03\/IMG_3071-1-scaled-e1584267502982-1536x1536.jpg 1536w, https:\/\/www.rutiba.de\/wp-content\/uploads\/2020\/03\/IMG_3071-1-scaled-e1584267502982-1200x1200.jpg 1200w, https:\/\/www.rutiba.de\/wp-content\/uploads\/2020\/03\/IMG_3071-1-scaled-e1584267502982.jpg 1900w\" sizes=\"(max-width: 512px) 100vw, 512px\" \/><\/figure><\/div>\n\n\n\n<h2 class=\"wp-block-heading\">Lernen ohne Schule<\/h2>\n\n\n\n<p>Diese Seite schlummerte seit einigen Jahren vor sich hin, als ich pl\u00f6tzlich von einem auf den anderen Tag einen Weg finden musste, euch Materialien und Tipps zukommen zu lassen. Zun\u00e4chst habe ich <a href=\"https:\/\/www.rutiba.de\/\">rutiba<\/a> umstrukturiert und erweitert. Die Inhalte auf den einzelnen Seiten werden aktualisiert, um z.B Links zug\u00e4nglich zu machen. F\u00fcr einige Kurse werde ich auch Materialien bei Logineo bereitstellen.<\/p>\n\n\n\n<p>Im M\u00e4rz wurde die Schule f\u00fcr einige Wochen geschlossen. Mittlerweile scheint der Unterricht jedoch trotz erneuten Lockdowns unter allen Umst\u00e4nden weiterzugehen. Hier gibt&#8217;s 1 Minute Nostalgie:<\/p>\n\n\n\n<figure class=\"wp-block-embed-vimeo wp-block-embed is-type-video is-provider-vimeo wp-embed-aspect-16-9 wp-has-aspect-ratio\"><div class=\"wp-block-embed__wrapper\">\n<div class=\"embed-vimeo\" style=\"text-align: center;\"><iframe loading=\"lazy\" src=\"https:\/\/player.vimeo.com\/video\/398689410\" width=\"580\" height=\"326\" frameborder=\"0\" webkitallowfullscreen mozallowfullscreen allowfullscreen><\/iframe><\/div>\n<\/div><\/figure>\n\n\n\n<h2 class=\"wp-block-heading\">Eine anstrengende Zeit<\/h2>\n\n\n\n<p>Ich habe dieses Video von Marina Weisband eingebunden, weil ich denke, dass dies eine Zeit ist, in der wir alle Momente der Angst erleben und nach Mitteln und Wegen suchen, wie wir diese \u00fcberwinden k\u00f6nnen. Selbst wenn wir selbst nicht unmittelbar gef\u00e4hrdet sind, so kann schon die zunehmende Isolation bedr\u00fcckend sein. Der Beitrag hat nichts von seiner Aktualit\u00e4t verloren. Viele machen sich Sorgen um die Familie und Freunde &#8211; da k\u00f6nnen ein paar Tipps hilfreich sein:<\/p>\n\n\n\n<figure class=\"wp-block-embed-twitter wp-block-embed is-type-rich is-provider-twitter\"><div class=\"wp-block-embed__wrapper\">\n<blockquote class=\"twitter-tweet\" data-width=\"550\" data-dnt=\"true\"><p lang=\"de\" dir=\"ltr\">Habt ihr oder eure Liebsten Angst? Ich habe ein paar Tipps gesammelt, wie ihr mit <a href=\"https:\/\/twitter.com\/hashtag\/Angst?src=hash&amp;ref_src=twsrc%5Etfw\">#Angst<\/a> und akuten <a href=\"https:\/\/twitter.com\/hashtag\/panikattaken?src=hash&amp;ref_src=twsrc%5Etfw\">#panikattaken<\/a> umgehen k\u00f6nnt. <a href=\"https:\/\/twitter.com\/hashtag\/Coronakrise?src=hash&amp;ref_src=twsrc%5Etfw\">#Coronakrise<\/a><br> <a href=\"https:\/\/t.co\/eVIBk7zSS7\">https:\/\/t.co\/eVIBk7zSS7<\/a><\/p>&mdash; Marina Weisband (@Afelia) <a href=\"https:\/\/twitter.com\/Afelia\/status\/1240665865374371845?ref_src=twsrc%5Etfw\">March 19, 2020<\/a><\/blockquote><script async src=\"https:\/\/platform.twitter.com\/widgets.js\" charset=\"utf-8\"><\/script>\n<\/div><\/figure>\n\n\n\n<h3 class=\"wp-block-heading\">Denken in Bildern<\/h3>\n\n\n\n<figure class=\"wp-block-gallery columns-1 wp-block-gallery-1 is-layout-flex wp-block-gallery-is-layout-flex\"><ul class=\"blocks-gallery-grid\"><li class=\"blocks-gallery-item\"><figure><img loading=\"lazy\" decoding=\"async\" width=\"629\" height=\"1024\" src=\"http:\/\/www.rutiba.de\/wp-content\/uploads\/2020\/03\/IMG_9307-scaled-e1584262521495-629x1024.jpg\" alt=\"\" data-id=\"430\" data-full-url=\"http:\/\/www.rutiba.de\/wp-content\/uploads\/2020\/03\/IMG_9307-scaled-e1584262521495.jpg\" data-link=\"http:\/\/www.rutiba.de\/?attachment_id=430\" class=\"wp-image-430\" srcset=\"https:\/\/www.rutiba.de\/wp-content\/uploads\/2020\/03\/IMG_9307-scaled-e1584262521495-629x1024.jpg 629w, https:\/\/www.rutiba.de\/wp-content\/uploads\/2020\/03\/IMG_9307-scaled-e1584262521495-184x300.jpg 184w, https:\/\/www.rutiba.de\/wp-content\/uploads\/2020\/03\/IMG_9307-scaled-e1584262521495-768x1251.jpg 768w, https:\/\/www.rutiba.de\/wp-content\/uploads\/2020\/03\/IMG_9307-scaled-e1584262521495-943x1536.jpg 943w, https:\/\/www.rutiba.de\/wp-content\/uploads\/2020\/03\/IMG_9307-scaled-e1584262521495-1257x2048.jpg 1257w, https:\/\/www.rutiba.de\/wp-content\/uploads\/2020\/03\/IMG_9307-scaled-e1584262521495.jpg 1363w\" sizes=\"(max-width: 629px) 100vw, 629px\" \/><figcaption class=\"blocks-gallery-item__caption\">Freitag, der 13. M\u00e4rz 2020: Noch wei\u00df keiner so recht, wo&#8217;s lang geht&#8230;<\/figcaption><\/figure><\/li><\/ul><\/figure>\n","protected":false},"excerpt":{"rendered":"<p>Lernen ohne Schule Diese Seite schlummerte seit einigen Jahren vor sich hin, als ich pl\u00f6tzlich von einem auf den anderen Tag einen Weg finden musste, euch Materialien und Tipps zukommen zu lassen. Zun\u00e4chst habe ich rutiba umstrukturiert und erweitert. Die Inhalte auf den einzelnen Seiten werden aktualisiert, um z.B Links zug\u00e4nglich zu machen. F\u00fcr einige [&hellip;]<\/p>\n","protected":false},"author":1,"featured_media":0,"parent":0,"menu_order":10,"comment_status":"closed","ping_status":"closed","template":"","meta":{"jetpack_post_was_ever_published":false,"footnotes":""},"jetpack_sharing_enabled":true,"jetpack_shortlink":"https:\/\/wp.me\/P6RdV3-4","_links":{"self":[{"href":"https:\/\/www.rutiba.de\/index.php?rest_route=\/wp\/v2\/pages\/4"}],"collection":[{"href":"https:\/\/www.rutiba.de\/index.php?rest_route=\/wp\/v2\/pages"}],"about":[{"href":"https:\/\/www.rutiba.de\/index.php?rest_route=\/wp\/v2\/types\/page"}],"author":[{"embeddable":true,"href":"https:\/\/www.rutiba.de\/index.php?rest_route=\/wp\/v2\/users\/1"}],"replies":[{"embeddable":true,"href":"https:\/\/www.rutiba.de\/index.php?rest_route=%2Fwp%2Fv2%2Fcomments&post=4"}],"version-history":[{"count":50,"href":"https:\/\/www.rutiba.de\/index.php?rest_route=\/wp\/v2\/pages\/4\/revisions"}],"predecessor-version":[{"id":577,"href":"https:\/\/www.rutiba.de\/index.php?rest_route=\/wp\/v2\/pages\/4\/revisions\/577"}],"wp:attachment":[{"href":"https:\/\/www.rutiba.de\/index.php?rest_route=%2Fwp%2Fv2%2Fmedia&parent=4"}],"curies":[{"name":"wp","href":"https:\/\/api.w.org\/{rel}","templated":true}]}}