{"id":263,"date":"2017-02-13T23:04:04","date_gmt":"2017-02-13T22:04:04","guid":{"rendered":"http:\/\/www.rutiba.de\/?page_id=263"},"modified":"2020-03-19T19:11:54","modified_gmt":"2020-03-19T18:11:54","slug":"la-provence","status":"publish","type":"page","link":"https:\/\/www.rutiba.de\/?page_id=263","title":{"rendered":"La Provence"},"content":{"rendered":"<p>Le r\u00eave des vacances? Un conseil: Ne partez pas! <a href=\"https:\/\/www.youtube.com\/watch?v=LSJv5U44q_c\" target=\"_blank\" rel=\"noopener noreferrer\">Vid\u00e9o C\u00f4te d&#8217;Azur<\/a><\/p>\n<p>La ville mythique est Saint Tropez. Une autre vid\u00e9o et \u00e0 partir de la minute 13: <a href=\"https:\/\/www.youtube.com\/watch?v=cadmBNvaayA\" target=\"_blank\" rel=\"noopener noreferrer\">Les peintres<\/a> d\u00e9couvrent Saint Tropez.<\/p>\n<p>La l\u00e9gendaire Brigitte Bardot qui apporta beaucoup au mythe de Saint Tropez est pr\u00e9sent\u00e9e dans <a href=\"https:\/\/www.youtube.com\/watch?v=VnLtC-C9FGo\" target=\"_blank\" rel=\"noopener noreferrer\">Karambolage<\/a>.<\/p>\n<p>Arles, <a href=\"https:\/\/www.youtube.com\/watch?v=PlVkZif7P2s\" target=\"_blank\" rel=\"noopener noreferrer\">ville romaine<\/a>\u00a0et le mus\u00e9e <a href=\"https:\/\/www.youtube.com\/user\/museearlesantique\" target=\"_blank\" rel=\"noopener noreferrer\">Arles antique<\/a><\/p>\n<p>Pour savoir plus: Les echapp\u00e9es belles &#8211; l&#8217;\u00e9mission sur<a href=\"https:\/\/www.youtube.com\/watch?v=m4eW7jFRBnA\" target=\"_blank\" rel=\"noopener noreferrer\"> la Provence<\/a>. (Van Gogh \u00e0 Arles \u00e0 partir de la minute 25).<\/p>\n<p>&nbsp;<\/p>\n","protected":false},"excerpt":{"rendered":"<p>Le r\u00eave des vacances? Un conseil: Ne partez pas! Vid\u00e9o C\u00f4te d&#8217;Azur La ville mythique est Saint Tropez. Une autre vid\u00e9o et \u00e0 partir de la minute 13: Les peintres d\u00e9couvrent Saint Tropez. La l\u00e9gendaire Brigitte Bardot qui apporta beaucoup au mythe de Saint Tropez est pr\u00e9sent\u00e9e dans Karambolage. Arles, ville romaine\u00a0et le mus\u00e9e Arles [&hellip;]<\/p>\n","protected":false},"author":1,"featured_media":0,"parent":523,"menu_order":0,"comment_status":"closed","ping_status":"closed","template":"","meta":{"jetpack_post_was_ever_published":false,"footnotes":""},"jetpack_sharing_enabled":true,"jetpack_shortlink":"https:\/\/wp.me\/P6RdV3-4f","_links":{"self":[{"href":"https:\/\/www.rutiba.de\/index.php?rest_route=\/wp\/v2\/pages\/263"}],"collection":[{"href":"https:\/\/www.rutiba.de\/index.php?rest_route=\/wp\/v2\/pages"}],"about":[{"href":"https:\/\/www.rutiba.de\/index.php?rest_route=\/wp\/v2\/types\/page"}],"author":[{"embeddable":true,"href":"https:\/\/www.rutiba.de\/index.php?rest_route=\/wp\/v2\/users\/1"}],"replies":[{"embeddable":true,"href":"https:\/\/www.rutiba.de\/index.php?rest_route=%2Fwp%2Fv2%2Fcomments&post=263"}],"version-history":[{"count":6,"href":"https:\/\/www.rutiba.de\/index.php?rest_route=\/wp\/v2\/pages\/263\/revisions"}],"predecessor-version":[{"id":552,"href":"https:\/\/www.rutiba.de\/index.php?rest_route=\/wp\/v2\/pages\/263\/revisions\/552"}],"up":[{"embeddable":true,"href":"https:\/\/www.rutiba.de\/index.php?rest_route=\/wp\/v2\/pages\/523"}],"wp:attachment":[{"href":"https:\/\/www.rutiba.de\/index.php?rest_route=%2Fwp%2Fv2%2Fmedia&parent=263"}],"curies":[{"name":"wp","href":"https:\/\/api.w.org\/{rel}","templated":true}]}}