{"id":241,"date":"2016-12-16T09:06:37","date_gmt":"2016-12-16T08:06:37","guid":{"rendered":"http:\/\/www.rutiba.de\/?page_id=241"},"modified":"2020-03-19T19:11:11","modified_gmt":"2020-03-19T18:11:11","slug":"la-banlieue","status":"publish","type":"page","link":"https:\/\/www.rutiba.de\/?page_id=241","title":{"rendered":"La banlieue"},"content":{"rendered":"<p>M\u00fcndliche Pr\u00fcfung Q1<\/p>\n<p>Es geht in der Pr\u00fcfung um die Themen dieses Halbjahrs, mit dem Schwerpunkt auf den Schwierigkeiten, die das Stadtleben mit sich bringt, Beispiele sind die SDF und la banlieue parisienne. Nat\u00fcrlich ist es sehr zu empfehlen, sich auch noch einmal anzuschauen, was Paris f\u00fcr viele Touristen aber auch Einwanderer attraktiv macht.<\/p>\n<p>Um die Situation zu verstehen, kann man sich bei Youtube interessante Videos anschauen. Es gibt auch gute deutsche Dokumentationen, z.B. <a href=\"https:\/\/www.youtube.com\/watch?v=LJz3A90dM_Q\">Die vergessene Jugend der Vorst\u00e4dte<\/a>. \u00a0Selbst wenn man nicht alles versteht, die Bilder sprechen f\u00fcr sich:<br \/>\n<a href=\"http:\/\/D\u00e9linquance%20\u00e0 Paris [REPORTAGE] Dans les cit\u00e9s Parisienne (GUERRE DE BANDES)\">D\u00e9linquance \u00e0 Paris [REPORTAGE] Dans les cit\u00e9s Parisienne (GUERRE DE BANDES)<\/a><\/p>\n<p>Wo sind die quartiers sensibles de Paris? Hier gibt es die <a href=\"http:\/\/cites-du-75.skyrock.com\/1.html\">Karten<\/a>.<\/p>\n<p>Lest die Texte und stellt die Vokabeln zusammen, um sie zu lernen.<\/p>\n<p><a href=\"https:\/\/www.youtube.com\/watch?v=8_DVwGHQfIE\" target=\"_blank\" rel=\"noopener noreferrer\">Jeune de banlieue<\/a><\/p>\n<p>&nbsp;<\/p>\n","protected":false},"excerpt":{"rendered":"<p>M\u00fcndliche Pr\u00fcfung Q1 Es geht in der Pr\u00fcfung um die Themen dieses Halbjahrs, mit dem Schwerpunkt auf den Schwierigkeiten, die das Stadtleben mit sich bringt, Beispiele sind die SDF und la banlieue parisienne. Nat\u00fcrlich ist es sehr zu empfehlen, sich auch noch einmal anzuschauen, was Paris f\u00fcr viele Touristen aber auch Einwanderer attraktiv macht. Um [&hellip;]<\/p>\n","protected":false},"author":1,"featured_media":0,"parent":550,"menu_order":0,"comment_status":"closed","ping_status":"closed","template":"","meta":{"jetpack_post_was_ever_published":false,"footnotes":""},"jetpack_sharing_enabled":true,"jetpack_shortlink":"https:\/\/wp.me\/P6RdV3-3T","_links":{"self":[{"href":"https:\/\/www.rutiba.de\/index.php?rest_route=\/wp\/v2\/pages\/241"}],"collection":[{"href":"https:\/\/www.rutiba.de\/index.php?rest_route=\/wp\/v2\/pages"}],"about":[{"href":"https:\/\/www.rutiba.de\/index.php?rest_route=\/wp\/v2\/types\/page"}],"author":[{"embeddable":true,"href":"https:\/\/www.rutiba.de\/index.php?rest_route=\/wp\/v2\/users\/1"}],"replies":[{"embeddable":true,"href":"https:\/\/www.rutiba.de\/index.php?rest_route=%2Fwp%2Fv2%2Fcomments&post=241"}],"version-history":[{"count":4,"href":"https:\/\/www.rutiba.de\/index.php?rest_route=\/wp\/v2\/pages\/241\/revisions"}],"predecessor-version":[{"id":551,"href":"https:\/\/www.rutiba.de\/index.php?rest_route=\/wp\/v2\/pages\/241\/revisions\/551"}],"up":[{"embeddable":true,"href":"https:\/\/www.rutiba.de\/index.php?rest_route=\/wp\/v2\/pages\/550"}],"wp:attachment":[{"href":"https:\/\/www.rutiba.de\/index.php?rest_route=%2Fwp%2Fv2%2Fmedia&parent=241"}],"curies":[{"name":"wp","href":"https:\/\/api.w.org\/{rel}","templated":true}]}}