{"id":233,"date":"2016-12-09T13:10:59","date_gmt":"2016-12-09T12:10:59","guid":{"rendered":"http:\/\/www.rutiba.de\/?page_id=233"},"modified":"2016-12-10T14:47:45","modified_gmt":"2016-12-10T13:47:45","slug":"senegal-materiel","status":"publish","type":"page","link":"https:\/\/www.rutiba.de\/?page_id=233","title":{"rendered":"S\u00e9n\u00e9gal-mat\u00e9riel"},"content":{"rendered":"","protected":true},"excerpt":{"rendered":"","protected":true},"author":1,"featured_media":0,"parent":192,"menu_order":4,"comment_status":"closed","ping_status":"closed","template":"","meta":{"jetpack_post_was_ever_published":false,"footnotes":""},"jetpack_sharing_enabled":true,"jetpack_shortlink":"https:\/\/wp.me\/P6RdV3-3L","_links":{"self":[{"href":"https:\/\/www.rutiba.de\/index.php?rest_route=\/wp\/v2\/pages\/233"}],"collection":[{"href":"https:\/\/www.rutiba.de\/index.php?rest_route=\/wp\/v2\/pages"}],"about":[{"href":"https:\/\/www.rutiba.de\/index.php?rest_route=\/wp\/v2\/types\/page"}],"author":[{"embeddable":true,"href":"https:\/\/www.rutiba.de\/index.php?rest_route=\/wp\/v2\/users\/1"}],"replies":[{"embeddable":true,"href":"https:\/\/www.rutiba.de\/index.php?rest_route=%2Fwp%2Fv2%2Fcomments&post=233"}],"version-history":[{"count":5,"href":"https:\/\/www.rutiba.de\/index.php?rest_route=\/wp\/v2\/pages\/233\/revisions"}],"predecessor-version":[{"id":615,"href":"https:\/\/www.rutiba.de\/index.php?rest_route=\/wp\/v2\/pages\/233\/revisions\/615"}],"up":[{"embeddable":true,"href":"https:\/\/www.rutiba.de\/index.php?rest_route=\/wp\/v2\/pages\/192"}],"wp:attachment":[{"href":"https:\/\/www.rutiba.de\/index.php?rest_route=%2Fwp%2Fv2%2Fmedia&parent=233"}],"curies":[{"name":"wp","href":"https:\/\/api.w.org\/{rel}","templated":true}]}}