{"id":217,"date":"2016-11-23T10:50:39","date_gmt":"2016-11-23T09:50:39","guid":{"rendered":"http:\/\/www.rutiba.de\/?page_id=217"},"modified":"2016-11-23T10:50:39","modified_gmt":"2016-11-23T09:50:39","slug":"revolution-von-1848","status":"publish","type":"page","link":"https:\/\/www.rutiba.de\/?page_id=217","title":{"rendered":"Revolution von 1848"},"content":{"rendered":"<p>Die wachsende Unzufriedenheit mit dem repressiven System der Restauration war schon 1832 in den Reden w\u00e4hrend des Hambacher Fests zur Sprache gekommen. Trotz kleinerer\u00a0Aufst\u00e4nde, z.B. des\u00a0&#8222;Frankfurter Wachensturms&#8220; \u00a0im Jahr 1833, und anderer markanter Ereignisse, wie dem Protest der als <a href=\"http:\/\/www.uni-goettingen.de\/de\/die-g\u00f6ttinger-sieben\/30770.html\" target=\"_blank\">&#8222;G\u00f6ttinger Sieben&#8220;<\/a> bezeichneten Professoren gegen die Aufhebung der liberalen\u00a0Verfassung im K\u00f6nigreich Hannover 1837, sollte es jedoch noch bis Ende der 1840er Jahre dauern, bevor der Widerstand so gro\u00dfe Teile der Bev\u00f6lkerung des Deutschen Bundes erfasste, dass die Realisierung der lange gehegten W\u00fcnsche nach &#8222;Einheit und Freiheit&#8220; wirklich erfolgsversprechend erschien.<\/p>\n<p>Der Ausl\u00f6ser kam aus Frankreich: Als im Februar 1848 die Revolution in Paris begann, weitete sich dieses Ereignis innerhalb k\u00fcrzester Zeit zu einem europ\u00e4ischen Ph\u00e4nomen aus. Obwohl im Deutschen Bund der Enthusiasmus der schnellen Anfangserfolge\u00a0in den anschlie\u00dfenden\u00a0langwierigen Verhandlungen der <a href=\"http:\/\/www.bundestag.de\/parlament\/geschichte\/schauplaetze\/paulskirche\" target=\"_blank\">verfassungsgebenden Versammlung in der Frankfurter Paulskirche<\/a> verloren ging, sollte man eine\u00a0Bewertung der Revolution von 1848\/49 nicht allein an ihrem Scheitern festmachen. Der R\u00fcckzug\u00a0einiger Tr\u00e4ger der Revolution etwa der Bauern und Landarbeiter oder der st\u00e4dtischen Unterschichten, die einen Gro\u00dfteil ihrer zentralen Forderungen hatten durchsetzen k\u00f6nnen, darf durchaus als Folge ihres Erfolges gewertet werden. Zudem waren die Probleme mit denen sich die Parlamentarier konfrontiert sahen \u00e4u\u00dferst komplex und wurden kontrovers diskutiert.<\/p>\n<p>Als\u00a0die Parlamentarier ihre Verfassung endlich ausgearbeitet hatten, war die revolution\u00e4re Bewegung l\u00e4ngst durch die Gegenrevolution in die Defensive gedr\u00e4ngt worden. Schlie\u00dflich reichte die <a href=\"http:\/\/www.geschichte-abitur.de\/quellenmaterial\/quellen-revolution-184849\/ablehnung-der-kaiserkrone-durch-friedrich-wilhelm\" target=\"_blank\">Ablehnung der ihm von der Paulskirche angetragenen deutschen Kaiserkrone durch den preu\u00dfischen K\u00f6nig Friedrich Wilhelm IV<\/a>, um das Scheitern der Revolution zu besiegeln.<\/p>\n<p>Eine sehr \u00fcbersichtliche Aufbereitung der Ursachen der Revolution sowie der komplexen Fragestellungen und Auseinandersetzungen findet sich auf der <a href=\"http:\/\/www.bundesarchiv.de\/erinnerungsstaette\/paedagogische_angebote\/lernhilfen\/\" target=\"_blank\">Internetseite der Erinnerungsst\u00e4tte f\u00fcr die Freiheitsbewegungen in der deutschen Geschichte<\/a>. Die pr\u00e4gnanten Zusammenfassungen k\u00f6nnen heruntergeladen und ausgedruckt werden. Empfehlenswert ist neben der immer lesenswerten<a href=\"https:\/\/www.dhm.de\/lemo\/kapitel\/vormaerz-und-revolution\/revolution-1848.html\" target=\"_blank\"> &#8222;Lebendigen Museums online&#8220;<\/a> auch die Seite zum Thema des<a href=\"http:\/\/www.bundestag.de\/parlament\/geschichte\/parlamentarismus\/1848\/1848\/199600\" target=\"_blank\"> Deutschen Bundestages<\/a>.<\/p>\n","protected":false},"excerpt":{"rendered":"<p>Die wachsende Unzufriedenheit mit dem repressiven System der Restauration war schon 1832 in den Reden w\u00e4hrend des Hambacher Fests zur Sprache gekommen. Trotz kleinerer\u00a0Aufst\u00e4nde, z.B. des\u00a0&#8222;Frankfurter Wachensturms&#8220; \u00a0im Jahr 1833, und anderer markanter Ereignisse, wie dem Protest der als &#8222;G\u00f6ttinger Sieben&#8220; bezeichneten Professoren gegen die Aufhebung der liberalen\u00a0Verfassung im K\u00f6nigreich Hannover 1837, sollte es jedoch [&hellip;]<\/p>\n","protected":false},"author":1,"featured_media":0,"parent":199,"menu_order":6,"comment_status":"closed","ping_status":"closed","template":"","meta":{"jetpack_post_was_ever_published":false,"footnotes":""},"jetpack_sharing_enabled":true,"jetpack_shortlink":"https:\/\/wp.me\/P6RdV3-3v","_links":{"self":[{"href":"https:\/\/www.rutiba.de\/index.php?rest_route=\/wp\/v2\/pages\/217"}],"collection":[{"href":"https:\/\/www.rutiba.de\/index.php?rest_route=\/wp\/v2\/pages"}],"about":[{"href":"https:\/\/www.rutiba.de\/index.php?rest_route=\/wp\/v2\/types\/page"}],"author":[{"embeddable":true,"href":"https:\/\/www.rutiba.de\/index.php?rest_route=\/wp\/v2\/users\/1"}],"replies":[{"embeddable":true,"href":"https:\/\/www.rutiba.de\/index.php?rest_route=%2Fwp%2Fv2%2Fcomments&post=217"}],"version-history":[{"count":4,"href":"https:\/\/www.rutiba.de\/index.php?rest_route=\/wp\/v2\/pages\/217\/revisions"}],"predecessor-version":[{"id":221,"href":"https:\/\/www.rutiba.de\/index.php?rest_route=\/wp\/v2\/pages\/217\/revisions\/221"}],"up":[{"embeddable":true,"href":"https:\/\/www.rutiba.de\/index.php?rest_route=\/wp\/v2\/pages\/199"}],"wp:attachment":[{"href":"https:\/\/www.rutiba.de\/index.php?rest_route=%2Fwp%2Fv2%2Fmedia&parent=217"}],"curies":[{"name":"wp","href":"https:\/\/api.w.org\/{rel}","templated":true}]}}