{"id":201,"date":"2016-10-25T12:39:40","date_gmt":"2016-10-25T11:39:40","guid":{"rendered":"http:\/\/www.rutiba.de\/?page_id=201"},"modified":"2016-10-25T12:39:40","modified_gmt":"2016-10-25T11:39:40","slug":"vormaerz","status":"publish","type":"page","link":"https:\/\/www.rutiba.de\/?page_id=201","title":{"rendered":"Vorm\u00e4rz"},"content":{"rendered":"<p>Als &#8222;Vorm\u00e4rz&#8220; bezeichnet man die Jahre vor der &#8222;M\u00e4rzrevolution&#8220; von 1848, die durch durch staatliche Repression und politische Verfolgungen gekennzeichnet war. Dennoch gab es auch in diesen f\u00fcr die deutsche Nationalbewegung \u00e4u\u00dferst schwierigen Jahren gro\u00dfe Pers\u00f6nlichkeiten und einige markante Ereignisse, welche den Wunsch nach einem Nationalstaat mit einer liberalen Verfassung am Leben hielten.<\/p>\n<p>W\u00e4hrend auf dem Wartburgfest noch die Unzufriedenheit der Burschenschaften mit den Ergebnissen des Wiener Kongresses zum Ausdruck gebracht werden konnte, war der Mord an August von Kotzebue der Ausl\u00f6ser, den Metternich brauchte, um die Staaten des Deutschen Bundes von der Notwendigkeit strengerer Repressionsma\u00dfnahmen\u00a0zu \u00fcberzeugen.<\/p>\n<p>Der Mord an Kotzebue<\/p>\n<p>Karlsbader Beschl\u00fcsse<\/p>\n<p>Die Hep-Hep-Unruhen<\/p>\n<p>Die Zeit des &#8222;Biedermeier&#8220;<\/p>\n<p>Heinrich Heine: &#8222;Deutschland &#8211; Ein Winterm\u00e4rchen&#8220;<\/p>\n<p>Georg B\u00fcchner und der &#8222;Hessische Landbote&#8220;<\/p>\n<p>Die Julirevolution in Frankreich<\/p>\n<p>Das Hambacher Fest<\/p>\n<p>Die polnische Nationalbewegung<\/p>\n<p>Der Frankfurter Wachensturm<\/p>\n<p>Der Zollverein<\/p>\n<p>Die G\u00f6ttinger Sieben<\/p>\n<p>Rheinkrise 1840\/41<\/p>\n<p>Das Lied der Deutschen<\/p>\n<p>Der Weberaufstand<\/p>\n<p>Die Februarrevolution in Frankreich<\/p>\n<p>&nbsp;<\/p>\n<p>&nbsp;<\/p>\n<p>&nbsp;<\/p>\n","protected":false},"excerpt":{"rendered":"<p>Als &#8222;Vorm\u00e4rz&#8220; bezeichnet man die Jahre vor der &#8222;M\u00e4rzrevolution&#8220; von 1848, die durch durch staatliche Repression und politische Verfolgungen gekennzeichnet war. Dennoch gab es auch in diesen f\u00fcr die deutsche Nationalbewegung \u00e4u\u00dferst schwierigen Jahren gro\u00dfe Pers\u00f6nlichkeiten und einige markante Ereignisse, welche den Wunsch nach einem Nationalstaat mit einer liberalen Verfassung am Leben hielten. W\u00e4hrend auf [&hellip;]<\/p>\n","protected":false},"author":1,"featured_media":0,"parent":199,"menu_order":4,"comment_status":"closed","ping_status":"closed","template":"","meta":{"jetpack_post_was_ever_published":false,"footnotes":""},"jetpack_sharing_enabled":true,"jetpack_shortlink":"https:\/\/wp.me\/P6RdV3-3f","_links":{"self":[{"href":"https:\/\/www.rutiba.de\/index.php?rest_route=\/wp\/v2\/pages\/201"}],"collection":[{"href":"https:\/\/www.rutiba.de\/index.php?rest_route=\/wp\/v2\/pages"}],"about":[{"href":"https:\/\/www.rutiba.de\/index.php?rest_route=\/wp\/v2\/types\/page"}],"author":[{"embeddable":true,"href":"https:\/\/www.rutiba.de\/index.php?rest_route=\/wp\/v2\/users\/1"}],"replies":[{"embeddable":true,"href":"https:\/\/www.rutiba.de\/index.php?rest_route=%2Fwp%2Fv2%2Fcomments&post=201"}],"version-history":[{"count":2,"href":"https:\/\/www.rutiba.de\/index.php?rest_route=\/wp\/v2\/pages\/201\/revisions"}],"predecessor-version":[{"id":203,"href":"https:\/\/www.rutiba.de\/index.php?rest_route=\/wp\/v2\/pages\/201\/revisions\/203"}],"up":[{"embeddable":true,"href":"https:\/\/www.rutiba.de\/index.php?rest_route=\/wp\/v2\/pages\/199"}],"wp:attachment":[{"href":"https:\/\/www.rutiba.de\/index.php?rest_route=%2Fwp%2Fv2%2Fmedia&parent=201"}],"curies":[{"name":"wp","href":"https:\/\/api.w.org\/{rel}","templated":true}]}}