{"id":10,"date":"2010-03-26T00:37:00","date_gmt":"2010-03-25T23:37:00","guid":{"rendered":"http:\/\/www.rutiba.de\/?page_id=10"},"modified":"2020-03-15T12:21:04","modified_gmt":"2020-03-15T11:21:04","slug":"spanisch","status":"publish","type":"page","link":"https:\/\/www.rutiba.de\/?page_id=10","title":{"rendered":"Links"},"content":{"rendered":"\n<p><a href=\"https:\/\/www.standardsicherung.schulministerium.nrw.de\/cms\/zentralabitur-gost\/faecher\/\">Abitur &#8211; die Vorgaben f\u00fcr alle F\u00e4cher des Zentralabiturs NRW<\/a><\/p>\n\n\n\n<hr class=\"wp-block-separator\"\/>\n\n\n\n<h2 class=\"wp-block-heading\">Geschichte<\/h2>\n\n\n\n<p><a rel=\"noreferrer noopener\" href=\"http:\/\/www.hdg.de\/lemo\/\" target=\"_blank\">Lemo: Lebendiges virtuelles Museum Onlinee<\/a><\/p>\n\n\n\n<p>Lemo bietet eine gute M\u00f6glichkeit zur schnellen Information \u00fcber die deutsche Geschichte (von 1870 bis heute).<\/p>\n\n\n\n<p><a rel=\"noreferrer noopener\" href=\"http:\/\/bpb.de\" target=\"_blank\">Bundeszentrale f\u00fcr politische Bildung:<\/a><\/p>\n\n\n\n<p>Diese Adresse sollte man nicht nur wegen der interessanten und preiswerten B\u00fccher in regelm\u00e4\u00dfigen Abst\u00e4nden besuchen. Auch die Dossiers sind sehr informativ, wie die folgenden Beispiele zeigen:<\/p>\n\n\n\n<p><a rel=\"noreferrer noopener\" href=\"http:\/\/www.bpb.de\/themen\/NP575N,0,0,Geschichte.html\" target=\"_blank\">Bpb: \u00dcberblick \u00fcber die Dossiers zum Thema Geschichte<\/a><\/p>\n\n\n\n<h4 class=\"wp-block-heading\">Aktuelle Themen:<\/h4>\n\n\n\n<p><a rel=\"noreferrer noopener\" href=\"http:\/\/www.chronik-der-mauer.de\" target=\"_blank\">Deutsche Teilung-Deutsche Einheit (bpb)<\/a><\/p>\n\n\n\n<p><a rel=\"noreferrer noopener\" href=\"http:\/\/www.chronik-der-mauer.de\" target=\"_blank\">Chronik der Mauer (bpb) <\/a><\/p>\n\n\n\n<p>Ein weiterer wichtiger Tipp: Die Informationen zur politischen Bildung sind nicht mehr alle als Printversion zu erhalten. Hier findet man jedoch die Online-Ausgaben, darunter auch die f\u00fcr das Zentralabitur relevanten Themen, z.B. 19. Jahrhundert (I+II), die Revolution von 1848, der Weg zur Einheit\u2026<\/p>\n\n\n\n<p><a rel=\"noreferrer noopener\" href=\"http:\/\/www.bpb.de\/publikationen\/MXQU1P,0,0,Informationen_zur_politischen_Bildung.html\" target=\"_blank\">Informationen zur politischen Bildung<\/a><\/p>\n\n\n\n<hr class=\"wp-block-separator\"\/>\n\n\n\n<h2 class=\"wp-block-heading\">Franz\u00f6sisch<\/h2>\n\n\n\n<p><a rel=\"noreferrer noopener\" href=\"http:\/\/www.standardsicherung.schulministerium.nrw.de\/abitur-gost\/fach.php?fach=5\" target=\"_blank\">Zentralabitur Franz\u00f6sisch NRW: Vorgaben und Aufgabenbeispiele<\/a><\/p>\n\n\n\n<hr class=\"wp-block-separator\"\/>\n\n\n\n<h2 class=\"wp-block-heading\">Spanisch<\/h2>\n\n\n\n<p><a rel=\"noreferrer noopener\" href=\"http:\/\/www.standardsicherung.schulministerium.nrw.de\/abitur-gost\/fach.php?fach=32\" target=\"_blank\">Zentralabitur Spanisch NRW: Vorgaben und Aufgabenbeispiele<\/a><\/p>\n","protected":false},"excerpt":{"rendered":"<p>Abitur &#8211; die Vorgaben f\u00fcr alle F\u00e4cher des Zentralabiturs NRW Geschichte Lemo: Lebendiges virtuelles Museum Onlinee Lemo bietet eine gute M\u00f6glichkeit zur schnellen Information \u00fcber die deutsche Geschichte (von 1870 bis heute). Bundeszentrale f\u00fcr politische Bildung: Diese Adresse sollte man nicht nur wegen der interessanten und preiswerten B\u00fccher in regelm\u00e4\u00dfigen Abst\u00e4nden besuchen. Auch die Dossiers [&hellip;]<\/p>\n","protected":false},"author":1,"featured_media":0,"parent":0,"menu_order":25,"comment_status":"closed","ping_status":"open","template":"","meta":{"jetpack_post_was_ever_published":false,"footnotes":""},"jetpack_sharing_enabled":true,"jetpack_shortlink":"https:\/\/wp.me\/P6RdV3-a","_links":{"self":[{"href":"https:\/\/www.rutiba.de\/index.php?rest_route=\/wp\/v2\/pages\/10"}],"collection":[{"href":"https:\/\/www.rutiba.de\/index.php?rest_route=\/wp\/v2\/pages"}],"about":[{"href":"https:\/\/www.rutiba.de\/index.php?rest_route=\/wp\/v2\/types\/page"}],"author":[{"embeddable":true,"href":"https:\/\/www.rutiba.de\/index.php?rest_route=\/wp\/v2\/users\/1"}],"replies":[{"embeddable":true,"href":"https:\/\/www.rutiba.de\/index.php?rest_route=%2Fwp%2Fv2%2Fcomments&post=10"}],"version-history":[{"count":21,"href":"https:\/\/www.rutiba.de\/index.php?rest_route=\/wp\/v2\/pages\/10\/revisions"}],"predecessor-version":[{"id":492,"href":"https:\/\/www.rutiba.de\/index.php?rest_route=\/wp\/v2\/pages\/10\/revisions\/492"}],"wp:attachment":[{"href":"https:\/\/www.rutiba.de\/index.php?rest_route=%2Fwp%2Fv2%2Fmedia&parent=10"}],"curies":[{"name":"wp","href":"https:\/\/api.w.org\/{rel}","templated":true}]}}